{"id":253177,"date":"2025-06-25T16:35:00","date_gmt":"2025-06-25T14:35:00","guid":{"rendered":"https:\/\/sky-bubbles.com\/?page_id=253177"},"modified":"2025-06-26T10:00:24","modified_gmt":"2025-06-26T08:00:24","slug":"charla-con-emmanuel-santopietro","status":"publish","type":"page","link":"https:\/\/sky-bubbles.com\/es\/charla-con-emmanuel-santopietro\/","title":{"rendered":"Charla con Emmanuel Santopietro"},"content":{"rendered":"<p>[et_pb_section fb_built=&#8221;1&#8243; _builder_version=&#8221;4.19.0&#8243; _module_preset=&#8221;default&#8221; background_color=&#8221;#f1f1df&#8221; custom_padding=&#8221;0px|||||&#8221; da_disable_devices=&#8221;off|off|off&#8221; locked=&#8221;off&#8221; global_colors_info=&#8221;{}&#8221; da_is_popup=&#8221;off&#8221; da_exit_intent=&#8221;off&#8221; da_has_close=&#8221;on&#8221; da_alt_close=&#8221;off&#8221; da_dark_close=&#8221;off&#8221; da_not_modal=&#8221;on&#8221; da_is_singular=&#8221;off&#8221; da_with_loader=&#8221;off&#8221; da_has_shadow=&#8221;on&#8221;][et_pb_row column_structure=&#8221;1_5,3_5,1_5&#8243; _builder_version=&#8221;4.22.1&#8243; _module_preset=&#8221;default&#8221; global_colors_info=&#8221;{}&#8221;][et_pb_column type=&#8221;1_5&#8243; _builder_version=&#8221;4.19.0&#8243; _module_preset=&#8221;default&#8221; global_colors_info=&#8221;{}&#8221;][\/et_pb_column][et_pb_column type=&#8221;3_5&#8243; _builder_version=&#8221;4.19.0&#8243; _module_preset=&#8221;default&#8221; global_colors_info=&#8221;{}&#8221;][et_pb_text _builder_version=&#8221;4.27.4&#8243; _module_preset=&#8221;default&#8221; text_font=&#8221;Montserrat|700|||||||&#8221; text_text_color=&#8221;#000000&#8243; text_font_size=&#8221;37px&#8221; text_line_height=&#8221;30px&#8221; text_orientation=&#8221;center&#8221; hover_enabled=&#8221;0&#8243; global_colors_info=&#8221;{}&#8221; sticky_enabled=&#8221;0&#8243;]Charla con Emmanuel Santopietro[\/et_pb_text][et_pb_button button_text=&#8221;ENTREVISTAS&#8221; button_alignment=&#8221;center&#8221; module_class=&#8221;df-button dfc-entrevistas&#8221; _builder_version=&#8221;4.27.0&#8243; _module_preset=&#8221;default&#8221; custom_button=&#8221;on&#8221; button_text_size=&#8221;14px&#8221; button_text_color=&#8221;#000000&#8243; button_bg_color=&#8221;RGBA(255,255,255,0)&#8221; button_border_width=&#8221;1px&#8221; button_border_radius=&#8221;100px&#8221; button_use_icon=&#8221;off&#8221; custom_margin=&#8221;|20px|||false|false&#8221; custom_padding=&#8221;0px|20px|0px|20px|false|false&#8221; locked=&#8221;off&#8221; global_colors_info=&#8221;{}&#8221; button_bg_color__hover_enabled=&#8221;on|hover&#8221; button_bg_color__hover=&#8221;#7296ab&#8221; button_bg_enable_color__hover=&#8221;on&#8221; button_text_color__hover_enabled=&#8221;on|hover&#8221; button_text_color__hover=&#8221;#FFFFFF&#8221;][\/et_pb_button][\/et_pb_column][et_pb_column type=&#8221;1_5&#8243; _builder_version=&#8221;4.19.0&#8243; _module_preset=&#8221;default&#8221; global_colors_info=&#8221;{}&#8221;][\/et_pb_column][\/et_pb_row][et_pb_row column_structure=&#8221;1_5,3_5,1_5&#8243; _builder_version=&#8221;4.19.0&#8243; _module_preset=&#8221;default&#8221; global_colors_info=&#8221;{}&#8221;][et_pb_column type=&#8221;1_5&#8243; _builder_version=&#8221;4.19.0&#8243; _module_preset=&#8221;default&#8221; global_colors_info=&#8221;{}&#8221;][\/et_pb_column][et_pb_column type=&#8221;3_5&#8243; _builder_version=&#8221;4.19.0&#8243; _module_preset=&#8221;default&#8221; global_colors_info=&#8221;{}&#8221;][et_pb_text _builder_version=&#8221;4.27.4&#8243; _module_preset=&#8221;default&#8221; text_font=&#8221;Montserrat|700|||||||&#8221; text_text_color=&#8221;#000000&#8243; text_font_size=&#8221;15px&#8221; text_orientation=&#8221;center&#8221; custom_margin=&#8221;3px||-25px|||&#8221; custom_padding=&#8221;||3px|||&#8221; hover_enabled=&#8221;0&#8243; global_colors_info=&#8221;{}&#8221; sticky_enabled=&#8221;0&#8243;]Hoy me entrevisto con una persona que un d\u00eda tuvo un sue\u00f1o y a\u00f1os despu\u00e9s fue capaz de hacerlo realidad a trav\u00e9s de constancia y tenacidad. Emmanuel es de esas personas que sonr\u00ede en todo momento, tiene compostura y pone actitud positiva a la vida; se nota que sabe esperar el momento clave para decir y hacer lo que tiene que hacer cuando lo tiene que hacer. Junto a su hermano, dirige el glamping italiano Le Perseidi, uno de esos proyectos que lleva consigo algo m\u00e1s que glamour, que tiene esencia y va m\u00e1s all\u00e1 del simple hospedaje. [\/et_pb_text][\/et_pb_column][et_pb_column type=&#8221;1_5&#8243; _builder_version=&#8221;4.19.0&#8243; _module_preset=&#8221;default&#8221; global_colors_info=&#8221;{}&#8221;][\/et_pb_column][\/et_pb_row][et_pb_row make_equal=&#8221;on&#8221; _builder_version=&#8221;4.22.1&#8243; _module_preset=&#8221;default&#8221; width_tablet=&#8221;&#8221; width_phone=&#8221;100%&#8221; width_last_edited=&#8221;on|phone&#8221; max_width=&#8221;2560px&#8221; custom_padding=&#8221;1px||||false|false&#8221; global_colors_info=&#8221;{}&#8221;][et_pb_column type=&#8221;4_4&#8243; _builder_version=&#8221;4.22.1&#8243; _module_preset=&#8221;default&#8221; custom_padding=&#8221;5%||||false|false&#8221; global_colors_info=&#8221;{}&#8221;][et_pb_image src=&#8221;https:\/\/sky-bubbles.com\/wp-content\/uploads\/2025\/06\/emanuele_santopietro_2.jpg&#8221; title_text=&#8221;emanuele_santopietro_2&#8243; align=&#8221;center&#8221; force_fullwidth=&#8221;on&#8221; _builder_version=&#8221;4.27.4&#8243; _module_preset=&#8221;default&#8221; custom_margin=&#8221;||0px||false|false&#8221; custom_padding=&#8221;||||false|false&#8221; hover_enabled=&#8221;0&#8243; global_colors_info=&#8221;{}&#8221; sticky_enabled=&#8221;0&#8243;][\/et_pb_image][\/et_pb_column][\/et_pb_row][et_pb_row column_structure=&#8221;1_5,3_5,1_5&#8243; _builder_version=&#8221;4.19.0&#8243; _module_preset=&#8221;default&#8221; global_colors_info=&#8221;{}&#8221;][et_pb_column type=&#8221;1_5&#8243; _builder_version=&#8221;4.19.0&#8243; _module_preset=&#8221;default&#8221; global_colors_info=&#8221;{}&#8221;][\/et_pb_column][et_pb_column type=&#8221;3_5&#8243; _builder_version=&#8221;4.19.0&#8243; _module_preset=&#8221;default&#8221; global_colors_info=&#8221;{}&#8221;][et_pb_text _builder_version=&#8221;4.27.4&#8243; _module_preset=&#8221;default&#8221; text_font=&#8221;Barlow|300|||||||&#8221; text_text_color=&#8221;#000000&#8243; hover_enabled=&#8221;0&#8243; global_colors_info=&#8221;{}&#8221; sticky_enabled=&#8221;0&#8243;]<\/p>\n<p><strong>P. \u00bfCu\u00e1ndo uno decide abrir un Glamping con burbujas como centro?<\/strong><br \/>E. \u00a1Cuando las ve! En mi caso, fue en 2010, durante un viaje a Francia. Al verlas, pens\u00e9 que ser\u00eda una excelente idea traerlas a Italia, ya que hasta entonces no hab\u00eda visto nada similar en el pa\u00eds.<\/p>\n<p><strong>P. \u00bfQu\u00e9 estabas haciendo hasta entonces?<\/strong><br \/>E. Trabajaba en la construcci\u00f3n.<\/p>\n<p><strong>P. Un cambio importante, \u00a1qu\u00e9 valiente!<\/strong><br \/>E. \u00a1S\u00ed, siempre tuve claro que quer\u00eda desarrollar un negocio y al ver las Bubbles lo tuve claro!<\/p>\n<p><strong>P. \u00bfY cu\u00e1ndo inaugur\u00e1is el proyecto?<\/strong><br \/>E. En 2021.<\/p>\n<p>[\/et_pb_text][\/et_pb_column][et_pb_column type=&#8221;1_5&#8243; _builder_version=&#8221;4.19.0&#8243; _module_preset=&#8221;default&#8221; global_colors_info=&#8221;{}&#8221;][\/et_pb_column][\/et_pb_row][et_pb_row column_structure=&#8221;3_5,2_5&#8243; make_equal=&#8221;on&#8221; _builder_version=&#8221;4.27.4&#8243; _module_preset=&#8221;default&#8221; width_tablet=&#8221;&#8221; width_phone=&#8221;100%&#8221; width_last_edited=&#8221;on|phone&#8221; max_width=&#8221;2560px&#8221; hover_enabled=&#8221;0&#8243; global_colors_info=&#8221;{}&#8221; sticky_enabled=&#8221;0&#8243;][et_pb_column type=&#8221;3_5&#8243; _builder_version=&#8221;4.27.0&#8243; _module_preset=&#8221;default&#8221; custom_css_main_element=&#8221;align-self: center;&#8221; global_colors_info=&#8221;{}&#8221;][et_pb_text _builder_version=&#8221;4.27.4&#8243; _module_preset=&#8221;default&#8221; text_font=&#8221;Barlow|300|||||||&#8221; text_text_color=&#8221;#000000&#8243; hover_enabled=&#8221;0&#8243; global_colors_info=&#8221;{}&#8221; sticky_enabled=&#8221;0&#8243; custom_padding=&#8221;|23px||20px||&#8221;]<\/p>\n<p><strong>P. \u00a1Madre m\u00eda, 11 a\u00f1os! \u00bfNo es mucho tiempo?<\/strong><br \/>E. Todo tiene su explicaci\u00f3n. Ten\u00edamos claro que el proyecto pasaba por tres puntos importantes; el primero era tener los recursos suficientes para abrir con garant\u00edas; el segundo, encontrar el terreno id\u00f3neo para instalar las bubbles; y el tercero, la burocracia, que en Italia es complicada.<\/p>\n<p><strong>P. Suena todo muy coherente, \u00bfc\u00f3mo de complicada es la Burocracia en Italia?<\/strong><br \/>E. Pues desde que empiezas el proceso para tener los permisos hasta que puedes empezar, \u00a1pueden pasar tranquilamente a\u00f1os!<\/p>\n<p><strong>P. Todo un dolor de cabeza veo\u2026 \u00bfPor qu\u00e9 Le Preseidi?<\/strong><br \/>E. En nuestro glamping buscamos que todo tenga un porqu\u00e9, no solo pretendemos que nuestros hu\u00e9spedes vivan una gran experiencia: hay que dar siempre m\u00e1s, y eso empieza siempre por el nombre y su significado. \u00a1Le Preseidi es el nombre cient\u00edfico de las estrellas fugaces de San Lorenzo que se ven de maravilla desde nuestro glamping cada 10 de agosto!<\/p>\n<p>[\/et_pb_text][\/et_pb_column][et_pb_column type=&#8221;2_5&#8243; _builder_version=&#8221;4.22.1&#8243; _module_preset=&#8221;default&#8221; custom_padding=&#8221;||||false|false&#8221; global_colors_info=&#8221;{}&#8221;][et_pb_image src=&#8221;https:\/\/sky-bubbles.com\/wp-content\/uploads\/2025\/06\/bubble-glamping-visto-dall-alto.png&#8221; title_text=&#8221;bubble-glamping-visto-dall-alto&#8221; _builder_version=&#8221;4.27.4&#8243; _module_preset=&#8221;default&#8221; hover_enabled=&#8221;0&#8243; global_colors_info=&#8221;{}&#8221; sticky_enabled=&#8221;0&#8243;][\/et_pb_image][\/et_pb_column][\/et_pb_row][et_pb_row column_structure=&#8221;1_5,3_5,1_5&#8243; _builder_version=&#8221;4.19.0&#8243; _module_preset=&#8221;default&#8221; global_colors_info=&#8221;{}&#8221;][et_pb_column type=&#8221;1_5&#8243; _builder_version=&#8221;4.19.0&#8243; _module_preset=&#8221;default&#8221; global_colors_info=&#8221;{}&#8221;][\/et_pb_column][et_pb_column type=&#8221;3_5&#8243; _builder_version=&#8221;4.19.0&#8243; _module_preset=&#8221;default&#8221; global_colors_info=&#8221;{}&#8221;][et_pb_text _builder_version=&#8221;4.27.4&#8243; _module_preset=&#8221;default&#8221; text_font=&#8221;Barlow|300|||||||&#8221; text_text_color=&#8221;#000000&#8243; hover_enabled=&#8221;0&#8243; global_colors_info=&#8221;{}&#8221; sticky_enabled=&#8221;0&#8243;]<\/p>\n<p><strong>P. \u00bfY c\u00f3mo se decide la ubicaci\u00f3n?<\/strong><br \/>E. Nosotros lo tuvimos claro. El entorno y las distancias a ciudades son clave. Las Bubbles son un producto muy visual que a su vez permiten al hu\u00e9sped tener una visi\u00f3n de 360\u00ba de su entorno, por lo tanto, la ubicaci\u00f3n tiene que estar a la altura de la expectativa del hu\u00e9sped. Poder llegar de forma \u00e1gil tambi\u00e9n es clave, nosotros estamos a 2 horas de Florencia y de Roma, \u00a1una distancia ideal para escapadas!<\/p>\n<p><strong>P. \u00bfCon qu\u00e9 proveedor empez\u00e1is? Es decir, \u00bfd\u00f3nde comprasteis las primeras bubbles?<\/strong><br \/>E. Empezamos con burbujas chinas y m\u00e1s adelante descubrimos las Skybubbles.<\/p>\n<p><strong>P. \u00bfC\u00f3mo las descubristeis?<\/strong><br \/>E. A trav\u00e9s de un glamping espa\u00f1ol, creo que fue Miluna. Las vimos, buscamos la web para charlar con ellos y nos pusieron en contacto con Alberto Burro, el distribuidor italiano.<\/p>\n<p><strong>P. \u00bfY cambiasteis?<\/strong><br \/>E. Estamos en ese proceso, ahora mismo tenemos una y vamos a cambiar el resto. La calidad de las Skybubbles y el servicio que recibes es, hoy d\u00eda, lo mejor del mercado. \u00a1Yo lo recomiendo! Actualmente tenemos 4 bubbles y la que tenemos de la marca Skybubbles es nuestra bubble premium, la de lujo. Poco a poco sustituiremos las dem\u00e1s.<\/p>\n<p>[\/et_pb_text][\/et_pb_column][et_pb_column type=&#8221;1_5&#8243; _builder_version=&#8221;4.19.0&#8243; _module_preset=&#8221;default&#8221; global_colors_info=&#8221;{}&#8221;][\/et_pb_column][\/et_pb_row][et_pb_row column_structure=&#8221;1_3,2_3&#8243; make_equal=&#8221;on&#8221; _builder_version=&#8221;4.22.1&#8243; _module_preset=&#8221;default&#8221; width_tablet=&#8221;&#8221; width_phone=&#8221;100%&#8221; width_last_edited=&#8221;on|phone&#8221; max_width=&#8221;2560px&#8221; hover_enabled=&#8221;0&#8243; global_colors_info=&#8221;{}&#8221; sticky_enabled=&#8221;0&#8243;][et_pb_column type=&#8221;1_3&#8243; _builder_version=&#8221;4.22.1&#8243; _module_preset=&#8221;default&#8221; custom_padding=&#8221;||||false|false&#8221; global_colors_info=&#8221;{}&#8221;][\/et_pb_column][et_pb_column type=&#8221;2_3&#8243; _builder_version=&#8221;4.19.0&#8243; _module_preset=&#8221;default&#8221; global_colors_info=&#8221;{}&#8221;][et_pb_text _builder_version=&#8221;4.27.4&#8243; _module_preset=&#8221;default&#8221; text_font=&#8221;Playfair Display|500|on||||||&#8221; text_text_color=&#8221;#000000&#8243; text_font_size=&#8221;46px&#8221; text_line_height=&#8221;60px&#8221; hover_enabled=&#8221;0&#8243; text_font_size_tablet=&#8221;46px&#8221; text_font_size_phone=&#8221;35px&#8221; text_font_size_last_edited=&#8221;on|phone&#8221; global_colors_info=&#8221;{}&#8221; sticky_enabled=&#8221;0&#8243; custom_padding=&#8221;|27px||32px||&#8221;]&#8221;La calidad de las Skybubbles y el servicio que recibes es, hoy d\u00eda, lo mejor del mercado. \u00a1Yo lo recomiendo!  Actualmente tenemos 4 bubbles y la que tenemos de la marca Skybubbles es nuestra bubble premium, la de lujo.&#8221;[\/et_pb_text][\/et_pb_column][\/et_pb_row][et_pb_row make_equal=&#8221;on&#8221; _builder_version=&#8221;4.22.1&#8243; _module_preset=&#8221;default&#8221; width_tablet=&#8221;&#8221; width_phone=&#8221;100%&#8221; width_last_edited=&#8221;on|phone&#8221; max_width=&#8221;2560px&#8221; custom_padding=&#8221;1px||||false|false&#8221; global_colors_info=&#8221;{}&#8221;][et_pb_column type=&#8221;4_4&#8243; _builder_version=&#8221;4.22.1&#8243; _module_preset=&#8221;default&#8221; custom_padding=&#8221;5%||||false|false&#8221; global_colors_info=&#8221;{}&#8221;][et_pb_image src=&#8221;https:\/\/sky-bubbles.com\/wp-content\/uploads\/2025\/06\/leperseidi_1.jpg&#8221; title_text=&#8221;leperseidi_1&#8243; align=&#8221;center&#8221; force_fullwidth=&#8221;on&#8221; _builder_version=&#8221;4.27.4&#8243; _module_preset=&#8221;default&#8221; custom_margin=&#8221;||0px||false|false&#8221; custom_padding=&#8221;||||false|false&#8221; hover_enabled=&#8221;0&#8243; global_colors_info=&#8221;{}&#8221; sticky_enabled=&#8221;0&#8243;][\/et_pb_image][\/et_pb_column][\/et_pb_row][et_pb_row column_structure=&#8221;1_5,3_5,1_5&#8243; _builder_version=&#8221;4.19.0&#8243; _module_preset=&#8221;default&#8221; global_colors_info=&#8221;{}&#8221;][et_pb_column type=&#8221;1_5&#8243; _builder_version=&#8221;4.19.0&#8243; _module_preset=&#8221;default&#8221; global_colors_info=&#8221;{}&#8221;][\/et_pb_column][et_pb_column type=&#8221;3_5&#8243; _builder_version=&#8221;4.19.0&#8243; _module_preset=&#8221;default&#8221; global_colors_info=&#8221;{}&#8221;][et_pb_text _builder_version=&#8221;4.27.4&#8243; _module_preset=&#8221;default&#8221; text_font=&#8221;Barlow|300|||||||&#8221; text_text_color=&#8221;#000000&#8243; hover_enabled=&#8221;0&#8243; global_colors_info=&#8221;{}&#8221; sticky_enabled=&#8221;0&#8243;]<\/p>\n<p><strong>P. \u00bfC\u00f3mo fueron los inicios del negocio? \u00bfQu\u00e9 estrategia adoptasteis para atraer clientes?<\/strong><br \/>E. Tomamos la decisi\u00f3n de no utilizar Booking.<\/p>\n<p><strong>P. \u00a1Valientes!<\/strong><br \/>E. Jajaja s\u00ed; en lugar de ello, desde el principio apostamos por campa\u00f1as en redes sociales a trav\u00e9s de las redes de Meta: Instagram y Facebook. Con un presupuesto de 10 euros por d\u00eda durante 15 d\u00edas y precios variables en funci\u00f3n de la \u00e9poca del a\u00f1o y de los d\u00edas entre semana o fines de semana.<\/p>\n<p><strong>P. \u00bfY el resultado?<\/strong><br \/>E. Los dos primeros a\u00f1os llenos.<\/p>\n<p><strong>P. \u00a1Carai! \u00bfQu\u00e9 media de precio por noche?<\/strong><br \/>E. 250 euros.<\/p>\n<p>[\/et_pb_text][\/et_pb_column][et_pb_column type=&#8221;1_5&#8243; _builder_version=&#8221;4.19.0&#8243; _module_preset=&#8221;default&#8221; global_colors_info=&#8221;{}&#8221;][\/et_pb_column][\/et_pb_row][et_pb_row column_structure=&#8221;1_3,2_3&#8243; make_equal=&#8221;on&#8221; _builder_version=&#8221;4.22.1&#8243; _module_preset=&#8221;default&#8221; width_tablet=&#8221;&#8221; width_phone=&#8221;100%&#8221; width_last_edited=&#8221;on|phone&#8221; max_width=&#8221;2560px&#8221; global_colors_info=&#8221;{}&#8221;][et_pb_column type=&#8221;1_3&#8243; _builder_version=&#8221;4.22.1&#8243; _module_preset=&#8221;default&#8221; custom_padding=&#8221;||||false|false&#8221; global_colors_info=&#8221;{}&#8221;][\/et_pb_column][et_pb_column type=&#8221;2_3&#8243; _builder_version=&#8221;4.19.0&#8243; _module_preset=&#8221;default&#8221; global_colors_info=&#8221;{}&#8221;][et_pb_text _builder_version=&#8221;4.27.4&#8243; _module_preset=&#8221;default&#8221; text_font=&#8221;Playfair Display|500|on||||||&#8221; text_text_color=&#8221;#000000&#8243; text_font_size=&#8221;46px&#8221; text_line_height=&#8221;60px&#8221; hover_enabled=&#8221;0&#8243; text_font_size_tablet=&#8221;46px&#8221; text_font_size_phone=&#8221;35px&#8221; text_font_size_last_edited=&#8221;on|phone&#8221; global_colors_info=&#8221;{}&#8221; sticky_enabled=&#8221;0&#8243; custom_padding=&#8221;|34px||19px||&#8221;]<\/p>\n<p>&#8220;Nosotros apostamos por un acondicionamiento de las estancias de calidad, ya que la comodidad y el confort del hu\u00e9sped son clave.&#8221;<\/p>\n<p>[\/et_pb_text][\/et_pb_column][\/et_pb_row][et_pb_row column_structure=&#8221;1_5,3_5,1_5&#8243; _builder_version=&#8221;4.19.0&#8243; _module_preset=&#8221;default&#8221; global_colors_info=&#8221;{}&#8221;][et_pb_column type=&#8221;1_5&#8243; _builder_version=&#8221;4.19.0&#8243; _module_preset=&#8221;default&#8221; global_colors_info=&#8221;{}&#8221;][\/et_pb_column][et_pb_column type=&#8221;3_5&#8243; _builder_version=&#8221;4.19.0&#8243; _module_preset=&#8221;default&#8221; global_colors_info=&#8221;{}&#8221;][et_pb_text _builder_version=&#8221;4.27.4&#8243; _module_preset=&#8221;default&#8221; text_font=&#8221;Barlow|300|||||||&#8221; text_text_color=&#8221;#000000&#8243; hover_enabled=&#8221;0&#8243; global_colors_info=&#8221;{}&#8221; sticky_enabled=&#8221;0&#8243;]<\/p>\n<p><strong>P. \u00a1A la vista est\u00e1 que, si uno tiene una buena estrategia y sabe plasmarla, los resultados llegan! \u00bfQu\u00e9 servicios crees que son diferenciales en el caso de Le Preseidi?<\/strong><br \/>E. Nosotros apostamos por un acondicionamiento de las estancias de calidad, ya que la comodidad y el confort del hu\u00e9sped son clave. Otros dos aspectos claramente diferenciales son que cada bubble cuenta con su propia peque\u00f1a piscina o spa, y el desayuno que ofrecemos.<\/p>\n<p><strong>P. Emmanuel, y el futuro, \u00bfc\u00f3mo lo ves? \u00bfC\u00f3mo os veis dentro de unos a\u00f1os?<\/strong><br \/>E. Creciendo jejeje. Hemos comprado un nuevo terreno muy bien situado cerca de mi ciudad natal donde creo que, tras un buen an\u00e1lisis, \u00a1habr\u00e1 la posibilidad de instalar 6 bubbles!<\/p>\n<p><strong>P: \u00a1Te vas a convertir en el hombre Skybubbles de Italia!<\/strong><br \/>E. Jajaja eso espero! Creo que tenemos recorrido y que podemos crecer de forma sostenida, m\u00e1s a\u00fan ahora con la experiencia que atesoramos despu\u00e9s de estos 3 a\u00f1os.<\/p>\n<p><strong>P. \u00a1Muchas gracias Emmanuel!<\/strong><br \/>E. \u00a1A ti!<\/p>\n<p>[\/et_pb_text][\/et_pb_column][et_pb_column type=&#8221;1_5&#8243; _builder_version=&#8221;4.19.0&#8243; _module_preset=&#8221;default&#8221; global_colors_info=&#8221;{}&#8221;][\/et_pb_column][\/et_pb_row][\/et_pb_section]<\/p>\n","protected":false},"excerpt":{"rendered":"<p>Charla con Emmanuel SantopietroHoy me entrevisto con una persona que un d\u00eda tuvo un sue\u00f1o y a\u00f1os despu\u00e9s fue capaz de hacerlo realidad a trav\u00e9s de constancia y tenacidad. Emmanuel es de esas personas que sonr\u00ede en todo momento, tiene compostura y pone actitud positiva a la vida; se nota que sabe esperar el momento [&hellip;]<\/p>\n","protected":false},"author":1,"featured_media":0,"parent":0,"menu_order":0,"comment_status":"closed","ping_status":"closed","template":"","meta":{"_et_pb_use_builder":"on","_et_pb_old_content":"","_et_gb_content_width":"","_monsterinsights_skip_tracking":false,"_monsterinsights_sitenote_active":false,"_monsterinsights_sitenote_note":"","_monsterinsights_sitenote_category":0,"footnotes":""},"class_list":["post-253177","page","type-page","status-publish","hentry"],"aioseo_notices":[],"_links":{"self":[{"href":"https:\/\/sky-bubbles.com\/es\/wp-json\/wp\/v2\/pages\/253177","targetHints":{"allow":["GET"]}}],"collection":[{"href":"https:\/\/sky-bubbles.com\/es\/wp-json\/wp\/v2\/pages"}],"about":[{"href":"https:\/\/sky-bubbles.com\/es\/wp-json\/wp\/v2\/types\/page"}],"author":[{"embeddable":true,"href":"https:\/\/sky-bubbles.com\/es\/wp-json\/wp\/v2\/users\/1"}],"replies":[{"embeddable":true,"href":"https:\/\/sky-bubbles.com\/es\/wp-json\/wp\/v2\/comments?post=253177"}],"version-history":[{"count":14,"href":"https:\/\/sky-bubbles.com\/es\/wp-json\/wp\/v2\/pages\/253177\/revisions"}],"predecessor-version":[{"id":253222,"href":"https:\/\/sky-bubbles.com\/es\/wp-json\/wp\/v2\/pages\/253177\/revisions\/253222"}],"wp:attachment":[{"href":"https:\/\/sky-bubbles.com\/es\/wp-json\/wp\/v2\/media?parent=253177"}],"curies":[{"name":"wp","href":"https:\/\/api.w.org\/{rel}","templated":true}]}}