{"id":253132,"date":"2025-06-10T16:47:13","date_gmt":"2025-06-10T14:47:13","guid":{"rendered":"https:\/\/sky-bubbles.com\/?page_id=253132"},"modified":"2025-06-10T17:02:18","modified_gmt":"2025-06-10T15:02:18","slug":"como-adaptarse-para-liderar-el-turismo-del-futuro","status":"publish","type":"page","link":"https:\/\/sky-bubbles.com\/es\/como-adaptarse-para-liderar-el-turismo-del-futuro\/","title":{"rendered":"C\u00f3mo adaptarse para liderar el turismo del futuro"},"content":{"rendered":"<p>[et_pb_section fb_built=&#8221;1&#8243; _builder_version=&#8221;4.19.0&#8243; _module_preset=&#8221;default&#8221; background_color=&#8221;#f1f1df&#8221; custom_padding=&#8221;0px|||||&#8221; da_disable_devices=&#8221;off|off|off&#8221; locked=&#8221;off&#8221; global_colors_info=&#8221;{}&#8221; da_is_popup=&#8221;off&#8221; da_exit_intent=&#8221;off&#8221; da_has_close=&#8221;on&#8221; da_alt_close=&#8221;off&#8221; da_dark_close=&#8221;off&#8221; da_not_modal=&#8221;on&#8221; da_is_singular=&#8221;off&#8221; da_with_loader=&#8221;off&#8221; da_has_shadow=&#8221;on&#8221;][et_pb_row column_structure=&#8221;1_5,3_5,1_5&#8243; _builder_version=&#8221;4.22.1&#8243; _module_preset=&#8221;default&#8221; global_colors_info=&#8221;{}&#8221;][et_pb_column type=&#8221;1_5&#8243; _builder_version=&#8221;4.19.0&#8243; _module_preset=&#8221;default&#8221; global_colors_info=&#8221;{}&#8221;][\/et_pb_column][et_pb_column type=&#8221;3_5&#8243; _builder_version=&#8221;4.19.0&#8243; _module_preset=&#8221;default&#8221; global_colors_info=&#8221;{}&#8221;][et_pb_text _builder_version=&#8221;4.27.4&#8243; _module_preset=&#8221;default&#8221; text_font=&#8221;Montserrat|700|||||||&#8221; text_text_color=&#8221;#000000&#8243; text_font_size=&#8221;37px&#8221; text_line_height=&#8221;30px&#8221; text_orientation=&#8221;center&#8221; hover_enabled=&#8221;0&#8243; global_colors_info=&#8221;{}&#8221; sticky_enabled=&#8221;0&#8243;]C\u00f3mo adaptarse para liderar el turismo del futuro[\/et_pb_text][et_pb_button button_text=&#8221;APRENDIZAJE&#8221; button_alignment=&#8221;center&#8221; module_class=&#8221;df-button dfc-entrevistas&#8221; _builder_version=&#8221;4.27.4&#8243; _module_preset=&#8221;default&#8221; custom_button=&#8221;on&#8221; button_text_size=&#8221;14px&#8221; button_text_color=&#8221;#000000&#8243; button_bg_color=&#8221;RGBA(255,255,255,0)&#8221; button_border_width=&#8221;1px&#8221; button_border_radius=&#8221;100px&#8221; button_use_icon=&#8221;off&#8221; custom_margin=&#8221;|20px|||false|false&#8221; custom_padding=&#8221;0px|20px|0px|20px|false|false&#8221; locked=&#8221;off&#8221; global_colors_info=&#8221;{}&#8221; button_bg_color__hover_enabled=&#8221;on|hover&#8221; button_bg_color__hover=&#8221;#7296ab&#8221; button_bg_enable_color__hover=&#8221;on&#8221; button_text_color__hover_enabled=&#8221;on|hover&#8221; button_text_color__hover=&#8221;#FFFFFF&#8221;][\/et_pb_button][\/et_pb_column][et_pb_column type=&#8221;1_5&#8243; _builder_version=&#8221;4.19.0&#8243; _module_preset=&#8221;default&#8221; global_colors_info=&#8221;{}&#8221;][\/et_pb_column][\/et_pb_row][et_pb_row column_structure=&#8221;1_5,3_5,1_5&#8243; _builder_version=&#8221;4.19.0&#8243; _module_preset=&#8221;default&#8221; global_colors_info=&#8221;{}&#8221;][et_pb_column type=&#8221;1_5&#8243; _builder_version=&#8221;4.19.0&#8243; _module_preset=&#8221;default&#8221; global_colors_info=&#8221;{}&#8221;][\/et_pb_column][et_pb_column type=&#8221;3_5&#8243; _builder_version=&#8221;4.19.0&#8243; _module_preset=&#8221;default&#8221; global_colors_info=&#8221;{}&#8221;][et_pb_text _builder_version=&#8221;4.27.4&#8243; _module_preset=&#8221;default&#8221; text_font=&#8221;Barlow|300|||||||&#8221; text_text_color=&#8221;#000000&#8243; hover_enabled=&#8221;0&#8243; global_colors_info=&#8221;{}&#8221; sticky_enabled=&#8221;0&#8243;]<\/p>\n<p>El sector hotelero est\u00e1 viviendo una transformaci\u00f3n profunda, impulsada por cambios en las expectativas de los viajeros y la creciente conciencia ambiental. Los consumidores actuales valoran cada vez m\u00e1s la<strong> experiencia<\/strong>, la <strong>sostenibilidad<\/strong> y la <strong>autenticidad<\/strong> por encima de los servicios tradicionales. Para los gestores hoteleros, entender estas tendencias es clave para <strong>dise\u00f1ar una oferta competitiva<\/strong> y <strong>adaptada a un mercado que evoluciona r\u00e1pidamente<\/strong>.<\/p>\n<p>[\/et_pb_text][et_pb_text _builder_version=&#8221;4.27.4&#8243; _module_preset=&#8221;default&#8221; text_font=&#8221;Playfair Display|500|on||||||&#8221; text_text_color=&#8221;#000000&#8243; text_font_size=&#8221;23px&#8221; text_line_height=&#8221;39.3px&#8221; hover_enabled=&#8221;0&#8243; text_font_size_tablet=&#8221;46px&#8221; text_font_size_phone=&#8221;35px&#8221; text_font_size_last_edited=&#8221;on|phone&#8221; global_colors_info=&#8221;{}&#8221; sticky_enabled=&#8221;0&#8243;]5 principales tendencias del turismo del futuro[\/et_pb_text][et_pb_text _builder_version=&#8221;4.27.4&#8243; _module_preset=&#8221;default&#8221; text_font=&#8221;Barlow|300|||||||&#8221; text_text_color=&#8221;#000000&#8243; hover_enabled=&#8221;0&#8243; global_colors_info=&#8221;{}&#8221; sticky_enabled=&#8221;0&#8243;]<\/p>\n<p>Hoy exploramos las 5 principales<strong> tendencias que est\u00e1n marcando el futuro del alojamiento<\/strong>, reflexionando sobre c\u00f3mo los conceptos innovadores pueden integrarse para aportar valor real a los proyectos hoteleros.<\/p>\n<p>[\/et_pb_text][et_pb_image src=&#8221;https:\/\/sky-bubbles.com\/wp-content\/uploads\/2025\/06\/img1-scaled.jpeg&#8221; title_text=&#8221;img1&#8243; _builder_version=&#8221;4.27.4&#8243; _module_preset=&#8221;default&#8221; hover_enabled=&#8221;0&#8243; global_colors_info=&#8221;{}&#8221; sticky_enabled=&#8221;0&#8243;][\/et_pb_image][et_pb_text _builder_version=&#8221;4.27.4&#8243; _module_preset=&#8221;default&#8221; text_font=&#8221;Playfair Display|500|on||||||&#8221; text_text_color=&#8221;#000000&#8243; text_font_size=&#8221;23px&#8221; text_line_height=&#8221;39.3px&#8221; hover_enabled=&#8221;0&#8243; text_font_size_tablet=&#8221;46px&#8221; text_font_size_phone=&#8221;35px&#8221; text_font_size_last_edited=&#8221;on|phone&#8221; global_colors_info=&#8221;{}&#8221; sticky_enabled=&#8221;0&#8243;]<\/p>\n<p>La <strong>experiencia<\/strong> como motor de decisi\u00f3n<\/p>\n<p>[\/et_pb_text][et_pb_text _builder_version=&#8221;4.27.4&#8243; _module_preset=&#8221;default&#8221; text_font=&#8221;Barlow|300|||||||&#8221; text_text_color=&#8221;#000000&#8243; hover_enabled=&#8221;0&#8243; global_colors_info=&#8221;{}&#8221; sticky_enabled=&#8221;0&#8243;]<\/p>\n<p>Los viajeros de hoy buscan algo m\u00e1s que una cama donde dormir: quieren <strong>experiencias memorables<\/strong> que conecten emocionalmente con el entorno. Seg\u00fan diversos estudios, m\u00e1s del 70% de los turistas prefieren alojamientos que ofrezcan un contacto directo con la naturaleza y propuestas que los hagan sentir parte del lugar. Las habitaciones burbuja, como las Skybubbles, permiten precisamente eso: disfrutar de la naturaleza con comodidad y dise\u00f1o, sin perder el confort ni la exclusividad.<\/p>\n<p>[\/et_pb_text][et_pb_text _builder_version=&#8221;4.27.4&#8243; _module_preset=&#8221;default&#8221; text_font=&#8221;Playfair Display|500|on||||||&#8221; text_text_color=&#8221;#000000&#8243; text_font_size=&#8221;23px&#8221; text_line_height=&#8221;39.3px&#8221; hover_enabled=&#8221;0&#8243; text_font_size_tablet=&#8221;46px&#8221; text_font_size_phone=&#8221;35px&#8221; text_font_size_last_edited=&#8221;on|phone&#8221; global_colors_info=&#8221;{}&#8221; sticky_enabled=&#8221;0&#8243;]<\/p>\n<p><strong>Sostenibilidad<\/strong> como criterio no negociable<\/p>\n<p>[\/et_pb_text][et_pb_text _builder_version=&#8221;4.27.4&#8243; _module_preset=&#8221;default&#8221; text_font=&#8221;Barlow|300|||||||&#8221; text_text_color=&#8221;#000000&#8243; hover_enabled=&#8221;0&#8243; global_colors_info=&#8221;{}&#8221; sticky_enabled=&#8221;0&#8243;]<\/p>\n<p>El 65% de los viajeros globales prefieren <strong>opciones que minimicen su impacto ambiental<\/strong>. Para hoteles y resorts, esto implica no solo optimizar recursos, sino tambi\u00e9n integrar soluciones arquitect\u00f3nicas que reduzcan la huella ecol\u00f3gica. Las estructuras ligeras, desmontables y fabricadas con materiales reciclados, como las Skybubbles, se presentan como alternativas que cumplen con estos est\u00e1ndares, facilitando adem\u00e1s la adaptaci\u00f3n a distintos entornos sin necesidad de obras invasivas.<\/p>\n<p>[\/et_pb_text][et_pb_text _builder_version=&#8221;4.27.4&#8243; _module_preset=&#8221;default&#8221; text_font=&#8221;Playfair Display|500|on||||||&#8221; text_text_color=&#8221;#000000&#8243; text_font_size=&#8221;23px&#8221; text_line_height=&#8221;39.3px&#8221; hover_enabled=&#8221;0&#8243; text_font_size_tablet=&#8221;46px&#8221; text_font_size_phone=&#8221;35px&#8221; text_font_size_last_edited=&#8221;on|phone&#8221; global_colors_info=&#8221;{}&#8221; sticky_enabled=&#8221;0&#8243;]<\/p>\n<p><strong>Adaptabilidad<\/strong> y flexibilidad ante un mercado cambiante<\/p>\n<p>[\/et_pb_text][et_pb_text _builder_version=&#8221;4.27.4&#8243; _module_preset=&#8221;default&#8221; text_font=&#8221;Barlow|300|||||||&#8221; text_text_color=&#8221;#000000&#8243; hover_enabled=&#8221;0&#8243; global_colors_info=&#8221;{}&#8221; sticky_enabled=&#8221;0&#8243;]<\/p>\n<p>La incertidumbre generada por eventos globales ha convertido la flexibilidad en una cualidad imprescindible para el sector tur\u00edstico. Los espacios <strong>modulables<\/strong> permiten a los hoteles adaptarse r\u00e1pidamente a cambios en la demanda o en las regulaciones. Por ello, cada vez m\u00e1s hoteles apuestan por modelos vers\u00e1tiles como las habitaciones burbuja que aportan esta versatilidad, pudiendo instalarse, trasladarse o desmontarse con facilidad, lo que abre nuevas posibilidades para ampliar la oferta sin comprometer la inversi\u00f3n.<\/p>\n<p>[\/et_pb_text][et_pb_image src=&#8221;https:\/\/sky-bubbles.com\/wp-content\/uploads\/2025\/06\/img2-scaled.jpg&#8221; title_text=&#8221;img2&#8243; _builder_version=&#8221;4.27.4&#8243; _module_preset=&#8221;default&#8221; hover_enabled=&#8221;0&#8243; global_colors_info=&#8221;{}&#8221; sticky_enabled=&#8221;0&#8243;][\/et_pb_image][et_pb_text _builder_version=&#8221;4.27.4&#8243; _module_preset=&#8221;default&#8221; text_font=&#8221;Playfair Display|500|on||||||&#8221; text_text_color=&#8221;#000000&#8243; text_font_size=&#8221;23px&#8221; text_line_height=&#8221;39.3px&#8221; hover_enabled=&#8221;0&#8243; text_font_size_tablet=&#8221;46px&#8221; text_font_size_phone=&#8221;35px&#8221; text_font_size_last_edited=&#8221;on|phone&#8221; global_colors_info=&#8221;{}&#8221; sticky_enabled=&#8221;0&#8243;]<\/p>\n<p><strong>Tecnolog\u00eda<\/strong> integrada para un turismo inteligente<\/p>\n<p>[\/et_pb_text][et_pb_text _builder_version=&#8221;4.27.4&#8243; _module_preset=&#8221;default&#8221; text_font=&#8221;Barlow|300|||||||&#8221; text_text_color=&#8221;#000000&#8243; hover_enabled=&#8221;0&#8243; global_colors_info=&#8221;{}&#8221; sticky_enabled=&#8221;0&#8243;]<\/p>\n<p>El viajero digital exige <strong>conectividad<\/strong> y <strong>soluciones inteligentes<\/strong> que mejoren su experiencia. En el desarrollo de nuevos alojamientos, incorporar tecnolog\u00edas que faciliten el control ambiental, la seguridad y la personalizaci\u00f3n es clave. Las Skybubbles, con sus sistemas integrados y dise\u00f1o innovador, pueden complementarse con tecnolog\u00eda dom\u00f3tica, permitiendo una estancia c\u00f3moda, segura y personalizada que responde a estas demandas actuales.<\/p>\n<p>[\/et_pb_text][et_pb_text _builder_version=&#8221;4.27.4&#8243; _module_preset=&#8221;default&#8221; text_font=&#8221;Playfair Display|500|on||||||&#8221; text_text_color=&#8221;#000000&#8243; text_font_size=&#8221;23px&#8221; text_line_height=&#8221;39.3px&#8221; hover_enabled=&#8221;0&#8243; text_font_size_tablet=&#8221;46px&#8221; text_font_size_phone=&#8221;35px&#8221; text_font_size_last_edited=&#8221;on|phone&#8221; global_colors_info=&#8221;{}&#8221; sticky_enabled=&#8221;0&#8243;]<\/p>\n<p><strong>Diferenciaci\u00f3n<\/strong> y storytelling para atraer nuevos p\u00fablicos<\/p>\n<p>[\/et_pb_text][et_pb_text _builder_version=&#8221;4.27.4&#8243; _module_preset=&#8221;default&#8221; text_font=&#8221;Barlow|300|||||||&#8221; text_text_color=&#8221;#000000&#8243; hover_enabled=&#8221;0&#8243; global_colors_info=&#8221;{}&#8221; sticky_enabled=&#8221;0&#8243;]<\/p>\n<p>En un mercado saturado, los hoteles que cuentan <strong>historias aut\u00e9nticas<\/strong> y ofrecen <strong>propuestas \u00fanicas<\/strong> captan mejor la atenci\u00f3n del cliente. La originalidad de alojarse en una habitaci\u00f3n burbuja transparente, donde el paisaje se convierte en parte de la experiencia, permite a los hoteles construir una narrativa potente, que resuena especialmente con viajeros j\u00f3venes, aventureros y conscientes.<\/p>\n<p>Adaptarse a las nuevas tendencias no es solo una oportunidad para mejorar la competitividad, sino una necesidad para asegurar la sostenibilidad y la relevancia futura. Incorporar soluciones innovadoras como las Skybubbles puede ayudar a los hoteles a responder eficazmente a las demandas del mercado actual, combinando experiencia, sostenibilidad y flexibilidad. En definitiva, prepararse para liderar el turismo del futuro.<\/p>\n<p>[\/et_pb_text][\/et_pb_column][et_pb_column type=&#8221;1_5&#8243; _builder_version=&#8221;4.19.0&#8243; _module_preset=&#8221;default&#8221; global_colors_info=&#8221;{}&#8221;][\/et_pb_column][\/et_pb_row][\/et_pb_section]<\/p>\n","protected":false},"excerpt":{"rendered":"<p>C\u00f3mo adaptarse para liderar el turismo del futuroEl sector hotelero est\u00e1 viviendo una transformaci\u00f3n profunda, impulsada por cambios en las expectativas de los viajeros y la creciente conciencia ambiental. Los consumidores actuales valoran cada vez m\u00e1s la experiencia, la sostenibilidad y la autenticidad por encima de los servicios tradicionales. Para los gestores hoteleros, entender estas [&hellip;]<\/p>\n","protected":false},"author":1,"featured_media":0,"parent":0,"menu_order":0,"comment_status":"closed","ping_status":"closed","template":"","meta":{"_et_pb_use_builder":"on","_et_pb_old_content":"","_et_gb_content_width":"","_monsterinsights_skip_tracking":false,"_monsterinsights_sitenote_active":false,"_monsterinsights_sitenote_note":"","_monsterinsights_sitenote_category":0,"footnotes":""},"class_list":["post-253132","page","type-page","status-publish","hentry"],"aioseo_notices":[],"_links":{"self":[{"href":"https:\/\/sky-bubbles.com\/es\/wp-json\/wp\/v2\/pages\/253132","targetHints":{"allow":["GET"]}}],"collection":[{"href":"https:\/\/sky-bubbles.com\/es\/wp-json\/wp\/v2\/pages"}],"about":[{"href":"https:\/\/sky-bubbles.com\/es\/wp-json\/wp\/v2\/types\/page"}],"author":[{"embeddable":true,"href":"https:\/\/sky-bubbles.com\/es\/wp-json\/wp\/v2\/users\/1"}],"replies":[{"embeddable":true,"href":"https:\/\/sky-bubbles.com\/es\/wp-json\/wp\/v2\/comments?post=253132"}],"version-history":[{"count":6,"href":"https:\/\/sky-bubbles.com\/es\/wp-json\/wp\/v2\/pages\/253132\/revisions"}],"predecessor-version":[{"id":253145,"href":"https:\/\/sky-bubbles.com\/es\/wp-json\/wp\/v2\/pages\/253132\/revisions\/253145"}],"wp:attachment":[{"href":"https:\/\/sky-bubbles.com\/es\/wp-json\/wp\/v2\/media?parent=253132"}],"curies":[{"name":"wp","href":"https:\/\/api.w.org\/{rel}","templated":true}]}}