{"id":252954,"date":"2025-04-19T09:46:36","date_gmt":"2025-04-19T09:46:36","guid":{"rendered":"https:\/\/sky-bubbles.com\/?page_id=252954"},"modified":"2025-04-29T16:45:36","modified_gmt":"2025-04-29T14:45:36","slug":"astroturismo","status":"publish","type":"page","link":"https:\/\/sky-bubbles.com\/es\/astroturismo\/","title":{"rendered":"Astroturismo"},"content":{"rendered":"<p>[et_pb_section fb_built=&#8221;1&#8243; disabled_on=&#8221;off|off|off&#8221; admin_label=&#8221;PC1&#8243; _builder_version=&#8221;4.27.4&#8243; _module_preset=&#8221;default&#8221; background_color=&#8221;gcid-20d98ef4-ab36-4c54-9cdf-5d65772bfef6&#8243; background_enable_image=&#8221;off&#8221; background_size=&#8221;contain&#8221; background_position=&#8221;top_center&#8221; module_alignment=&#8221;center&#8221; custom_margin=&#8221;||||false|false&#8221; custom_padding=&#8221;0px||0px|||&#8221; da_disable_devices=&#8221;off|off|off&#8221; collapsed=&#8221;off&#8221; global_colors_info=&#8221;{%22gcid-20d98ef4-ab36-4c54-9cdf-5d65772bfef6%22:%91%22background_color%22%93}&#8221; da_is_popup=&#8221;off&#8221; da_exit_intent=&#8221;off&#8221; da_has_close=&#8221;on&#8221; da_alt_close=&#8221;off&#8221; da_dark_close=&#8221;off&#8221; da_not_modal=&#8221;on&#8221; da_is_singular=&#8221;off&#8221; da_with_loader=&#8221;off&#8221; da_has_shadow=&#8221;on&#8221;][et_pb_row column_structure=&#8221;1_2,1_2&#8243; use_custom_gutter=&#8221;on&#8221; gutter_width=&#8221;4&#8243; _builder_version=&#8221;4.27.4&#8243; _module_preset=&#8221;default&#8221; width=&#8221;90%&#8221; max_width=&#8221;2560px&#8221; custom_margin=&#8221;|auto||auto|false|false&#8221; custom_padding=&#8221;||67px||false|false&#8221; global_colors_info=&#8221;{}&#8221;][et_pb_column type=&#8221;1_2&#8243; _builder_version=&#8221;4.27.4&#8243; _module_preset=&#8221;default&#8221; custom_padding=&#8221;||||false|false&#8221; global_colors_info=&#8221;{}&#8221;][et_pb_divider show_divider=&#8221;off&#8221; disabled_on=&#8221;on|off|off&#8221; _builder_version=&#8221;4.27.4&#8243; _module_preset=&#8221;default&#8221; min_height=&#8221;100px&#8221; global_colors_info=&#8221;{}&#8221;][\/et_pb_divider][et_pb_text _builder_version=&#8221;4.27.4&#8243; _module_preset=&#8221;default&#8221; text_font=&#8221;Playfair Display|500|on||||||&#8221; text_text_color=&#8221;#333333&#8243; text_font_size=&#8221;45px&#8221; text_line_height=&#8221;60px&#8221; custom_margin=&#8221;||34px|||&#8221; locked=&#8221;off&#8221; global_colors_info=&#8221;{}&#8221;]<\/p>\n<p>\u201cSi Galileo hubiese podido escoger donde dormir, hubiera escogido una SkyBubble\u201d<\/p>\n<p>[\/et_pb_text][et_pb_divider color=&#8221;#333333&#8243; divider_weight=&#8221;2px&#8221; _builder_version=&#8221;4.27.4&#8243; _module_preset=&#8221;default&#8221; custom_margin=&#8221;||39px|||&#8221; global_colors_info=&#8221;{}&#8221;][\/et_pb_divider][et_pb_text _builder_version=&#8221;4.27.4&#8243; _module_preset=&#8221;default&#8221; text_font=&#8221;Montserrat|700|||||||&#8221; text_text_color=&#8221;#333333&#8243; text_font_size=&#8221;23px&#8221; background_color=&#8221;RGBA(255,255,255,0)&#8221; custom_margin=&#8221;0px|0px|0px|0px|false|false&#8221; custom_padding=&#8221;10px|0px|10px|0px|false|false&#8221; border_width_top=&#8221;1px&#8221; border_color_top=&#8221;#f1f1df&#8221; border_width_bottom=&#8221;2px&#8221; border_color_bottom=&#8221;#f1f1df&#8221; global_colors_info=&#8221;{}&#8221;]<\/p>\n<p>Dormir bajo las estrellas siempre ha sido posible, pero nunca tan c\u00f3modamente.<\/p>\n<p>[\/et_pb_text][et_pb_text _builder_version=&#8221;4.27.4&#8243; _module_preset=&#8221;default&#8221; text_font=&#8221;Barlow|500|||||||&#8221; text_text_color=&#8221;#333333&#8243; text_font_size=&#8221;19px&#8221; background_color=&#8221;RGBA(255,255,255,0)&#8221; custom_margin=&#8221;||||false|false&#8221; custom_padding=&#8221;21px|||||&#8221; global_colors_info=&#8221;{}&#8221;]<\/p>\n<p>Las SkyBubbles son estructuras dise\u00f1adas para alojamientos \u00fanicos. Son transparentes, resistentes y con todo el confort de un hotel de lujo.<\/p>\n<p>Las \u00fanicas que permiten una visi\u00f3n sin obst\u00e1culos al firmamento.<\/p>\n<p>Perfecta para que los resorts de astroturismo, glampings y hoteles boutique, ofrezcan a sus hu\u00e9spedes una experi\u00e8ncia immersiva con total conexi\u00f3n con el cielo.<\/p>\n<p>Cont\u00e1ctanos, Galileo lo tendr\u00eda claro.<\/p>\n<p>[\/et_pb_text][\/et_pb_column][et_pb_column type=&#8221;1_2&#8243; _builder_version=&#8221;4.27.4&#8243; _module_preset=&#8221;default&#8221; custom_padding=&#8221;||||false|false&#8221; global_colors_info=&#8221;{}&#8221;][et_pb_image src=&#8221;https:\/\/sky-bubbles.com\/wp-content\/uploads\/2025\/04\/v1-1.png&#8221; title_text=&#8221;v1&#8243; align=&#8221;center&#8221; force_fullwidth=&#8221;on&#8221; _builder_version=&#8221;4.27.4&#8243; _module_preset=&#8221;default&#8221; global_colors_info=&#8221;{}&#8221;][\/et_pb_image][\/et_pb_column][\/et_pb_row][et_pb_row column_structure=&#8221;1_2,1_2&#8243; use_custom_gutter=&#8221;on&#8221; gutter_width=&#8221;4&#8243; make_equal=&#8221;on&#8221; _builder_version=&#8221;4.27.4&#8243; _module_preset=&#8221;default&#8221; background_color=&#8221;#333333&#8243; width=&#8221;100%&#8221; max_width=&#8221;2560px&#8221; custom_margin=&#8221;|auto||auto|false|false&#8221; custom_padding=&#8221;67px||||false|false&#8221; custom_css_main_element=&#8221;align-self: flex-end;||&#8221; global_colors_info=&#8221;{}&#8221;][et_pb_column type=&#8221;1_2&#8243; _builder_version=&#8221;4.27.4&#8243; _module_preset=&#8221;default&#8221; custom_padding=&#8221;||||false|false&#8221; custom_css_main_element=&#8221;align-self: flex-end;&#8221; global_colors_info=&#8221;{}&#8221;][et_pb_image src=&#8221;https:\/\/sky-bubbles.com\/wp-content\/uploads\/2025\/04\/v2.png&#8221; title_text=&#8221;v2&#8243; align=&#8221;center&#8221; force_fullwidth=&#8221;on&#8221; _builder_version=&#8221;4.27.4&#8243; _module_preset=&#8221;default&#8221; custom_margin=&#8221;-1px||-27px|||&#8221; custom_css_main_element=&#8221;.et_pb_image_1 {||  margin-top: auto;||}||&#8221; global_colors_info=&#8221;{}&#8221;][\/et_pb_image][\/et_pb_column][et_pb_column type=&#8221;1_2&#8243; _builder_version=&#8221;4.27.4&#8243; _module_preset=&#8221;default&#8221; custom_padding=&#8221;|5%||5%|false|false&#8221; global_colors_info=&#8221;{}&#8221;][et_pb_text _builder_version=&#8221;4.27.4&#8243; _module_preset=&#8221;default&#8221; text_font=&#8221;Montserrat|700|||||||&#8221; text_text_color=&#8221;gcid-20d98ef4-ab36-4c54-9cdf-5d65772bfef6&#8243; text_font_size=&#8221;28px&#8221; background_color=&#8221;RGBA(255,255,255,0)&#8221; custom_margin=&#8221;0px|0px|0px|0px|false|false&#8221; custom_padding=&#8221;10px|0px|10px|0px|false|false&#8221; border_style_all=&#8221;none&#8221; border_width_top=&#8221;1px&#8221; border_color_top=&#8221;#f1f1df&#8221; border_width_bottom=&#8221;2px&#8221; border_color_bottom=&#8221;#f1f1df&#8221; global_colors_info=&#8221;{%22gcid-20d98ef4-ab36-4c54-9cdf-5d65772bfef6%22:%91%22text_text_color%22%93}&#8221;]<\/p>\n<p>\u00bfQuieres saber m\u00e1s? Escr\u00edbenos.<\/p>\n<p>[\/et_pb_text][et_pb_code _builder_version=&#8221;4.27.4&#8243; _module_preset=&#8221;default&#8221; width=&#8221;90%&#8221; global_colors_info=&#8221;{}&#8221;]<script type=\"text\/javascript\">var gform;gform||(document.addEventListener(\"gform_main_scripts_loaded\",function(){gform.scriptsLoaded=!0}),window.addEventListener(\"DOMContentLoaded\",function(){gform.domLoaded=!0}),gform={domLoaded:!1,scriptsLoaded:!1,initializeOnLoaded:function(o){gform.domLoaded&&gform.scriptsLoaded?o():!gform.domLoaded&&gform.scriptsLoaded?window.addEventListener(\"DOMContentLoaded\",o):document.addEventListener(\"gform_main_scripts_loaded\",o)},hooks:{action:{},filter:{}},addAction:function(o,n,r,t){gform.addHook(\"action\",o,n,r,t)},addFilter:function(o,n,r,t){gform.addHook(\"filter\",o,n,r,t)},doAction:function(o){gform.doHook(\"action\",o,arguments)},applyFilters:function(o){return gform.doHook(\"filter\",o,arguments)},removeAction:function(o,n){gform.removeHook(\"action\",o,n)},removeFilter:function(o,n,r){gform.removeHook(\"filter\",o,n,r)},addHook:function(o,n,r,t,i){null==gform.hooks[o][n]&&(gform.hooks[o][n]=[]);var e=gform.hooks[o][n];null==i&&(i=n+\"_\"+e.length),gform.hooks[o][n].push({tag:i,callable:r,priority:t=null==t?10:t})},doHook:function(n,o,r){var t;if(r=Array.prototype.slice.call(r,1),null!=gform.hooks[n][o]&&((o=gform.hooks[n][o]).sort(function(o,n){return o.priority-n.priority}),o.forEach(function(o){\"function\"!=typeof(t=o.callable)&&(t=window[t]),\"action\"==n?t.apply(null,r):r[0]=t.apply(null,r)})),\"filter\"==n)return r[0]},removeHook:function(o,n,t,i){var r;null!=gform.hooks[o][n]&&(r=(r=gform.hooks[o][n]).filter(function(o,n,r){return!!(null!=i&&i!=o.tag||null!=t&&t!=o.priority)}),gform.hooks[o][n]=r)}});<\/script>\n                <div class='gf_browser_gecko gform_wrapper gravity-theme gform-theme--no-framework' data-form-theme='gravity-theme' data-form-index='0' id='gform_wrapper_15' >\n                        <div class='gform_heading'>\n                            <h2 class=\"gform_title\">Astroturismo<\/h2>\n                            <p class='gform_description'><\/p>\n\t\t\t\t\t\t\t<p class='gform_required_legend'>&quot;<span class=\"gfield_required gfield_required_asterisk\">*<\/span>&quot; se\u00f1ala los campos obligatorios<\/p>\n                        <\/div><form method='post' enctype='multipart\/form-data'  id='gform_15'  action='\/es\/wp-json\/wp\/v2\/pages\/252954' data-formid='15' novalidate><input name=\"geolocation_submitter_location\" id=\"geolocation_submitter_location\" type=\"hidden\" data-js=\"geolocation_submitter_location\" value=\"\" \/>\n                        <div class='gform-body gform_body'><div id='gform_fields_15' class='gform_fields top_label form_sublabel_below description_below'><fieldset id=\"field_15_7\"  class=\"gfield gfield--type-name gfield--width-full gfield_contains_required field_sublabel_hidden_label gfield--no-description field_description_below hidden_label gfield_visibility_visible\"  data-js-reload=\"field_15_7\"><legend class='gfield_label gform-field-label gfield_label_before_complex'  >Nombre<span class=\"gfield_required\"><span class=\"gfield_required gfield_required_asterisk\">*<\/span><\/span><\/legend><div class='ginput_complex ginput_container ginput_container--name no_prefix has_first_name no_middle_name no_last_name no_suffix gf_name_has_1 ginput_container_name gform-grid-row' id='input_15_7'>\n                            \n                            <span id='input_15_7_3_container' class='name_first gform-grid-col gform-grid-col--size-auto' >\n                                                    <input type='text' name='input_7.3' id='input_15_7_3' value=''   aria-required='true'   placeholder='Nombre y Apellidos'  \/>\n                                                    <label for='input_15_7_3' class='gform-field-label gform-field-label--type-sub hidden_sub_label screen-reader-text'>Nombre y Apellidos<\/label>\n                                                <\/span>\n                            \n                            \n                            \n                        <\/div><\/fieldset><div id=\"field_15_4\"  class=\"gfield gfield--type-email gfield--width-full gfield_contains_required field_sublabel_below gfield--no-description field_description_below hidden_label gfield_visibility_visible\"  data-js-reload=\"field_15_4\"><label class='gfield_label gform-field-label' for='input_15_4' >Correo electr\u00f3nico<span class=\"gfield_required\"><span class=\"gfield_required gfield_required_asterisk\">*<\/span><\/span><\/label><div class='ginput_container ginput_container_email'>\n                            <input name='input_4' id='input_15_4' type='email' value='' class='large'   placeholder='Correo electr\u00f3nico' aria-required=\"true\" aria-invalid=\"false\"  \/>\n                        <\/div><\/div><div id=\"field_15_5\"  class=\"gfield gfield--type-phone gfield--width-full field_sublabel_below gfield--no-description field_description_below hidden_label gfield_visibility_visible\"  data-js-reload=\"field_15_5\"><label class='gfield_label gform-field-label' for='input_15_5' >Tel\u00e9fono<\/label><div class='ginput_container ginput_container_phone'><input name='input_5' id='input_15_5' type='tel' value='' class='large'  placeholder='Tel\u00e9fono'  aria-invalid=\"false\"   \/><\/div><\/div><div id=\"field_15_6\"  class=\"gfield gfield--type-text gfield--width-full gfield_contains_required field_sublabel_below gfield--no-description field_description_below hidden_label gfield_visibility_visible\"  data-js-reload=\"field_15_6\"><label class='gfield_label gform-field-label' for='input_15_6' >Ubicaci\u00f3n (Pa\u00eds y Zona)<span class=\"gfield_required\"><span class=\"gfield_required gfield_required_asterisk\">*<\/span><\/span><\/label><div class='ginput_container ginput_container_text'><input name='input_6' id='input_15_6' type='text' value='' class='large'    placeholder='Ubicaci\u00f3n (Pa\u00eds y Zona)' aria-required=\"true\" aria-invalid=\"false\"   \/> <\/div><\/div><div id=\"field_15_8\"  class=\"gfield gfield--type-text gfield--width-full gfield_contains_required field_sublabel_below gfield--no-description field_description_below hidden_label gfield_visibility_visible\"  data-js-reload=\"field_15_8\"><label class='gfield_label gform-field-label' for='input_15_8' >Mensaje<span class=\"gfield_required\"><span class=\"gfield_required gfield_required_asterisk\">*<\/span><\/span><\/label><div class='ginput_container ginput_container_text'><input name='input_8' id='input_15_8' type='text' value='' class='large'    placeholder='Mensaje' aria-required=\"true\" aria-invalid=\"false\"   \/> <\/div><\/div><fieldset id=\"field_15_9\"  class=\"gfield gfield--type-consent gfield--type-choice gfield--input-type-consent gfield--width-full noborderbottom gfield_contains_required field_sublabel_below gfield--has-description field_description_below hidden_label gfield_visibility_visible\"  data-js-reload=\"field_15_9\"><legend class='gfield_label gform-field-label gfield_label_before_complex'  >Consentimiento<span class=\"gfield_required\"><span class=\"gfield_required gfield_required_asterisk\">*<\/span><\/span><\/legend><div class='ginput_container ginput_container_consent'><input name='input_9.1' id='input_15_9_1' type='checkbox' value='1'  aria-describedby=\"gfield_consent_description_15_9\" aria-required=\"true\" aria-invalid=\"false\"   \/> <label class=\"gform-field-label gform-field-label--type-inline gfield_consent_label\" for='input_15_9_1' >He leido y acepto las condiciones contenidas en la politica de privacidad sobre el tratamiento de mis datos para gestionar mi consulta o petici\u00f3n.<span class=\"gfield_required gfield_required_asterisk\">*<\/span><\/label><input type='hidden' name='input_9.2' value='He leido y acepto las condiciones contenidas en la politica de privacidad sobre el tratamiento de mis datos para gestionar mi consulta o petici\u00f3n.' class='gform_hidden' \/><input type='hidden' name='input_9.3' value='25' class='gform_hidden' \/><\/div><div class='gfield_description gfield_consent_description' id='gfield_consent_description_15_9'>Protecci\u00f3n de datos: Recogemos, tratamos o utilizamos datos personales solo dentro lo permitido por las disposiciones legales en materia de protecci\u00f3n de datos. Para m\u00e1s informaci\u00f3n consulte nuestra politica de privacidad.<\/div><\/fieldset><div id=\"field_15_10\"  class=\"gfield gfield--type-hidden gfield--width-full gform_hidden field_sublabel_below gfield--no-description field_description_below gfield_visibility_visible\"  data-js-reload=\"field_15_10\"><div class='ginput_container ginput_container_text'><input name='input_10' id='input_15_10' type='hidden' class='gform_hidden'  aria-invalid=\"false\" value='216.73.216.132' \/><\/div><\/div><div id=\"field_15_11\"  class=\"gfield gfield--type-hidden gfield--width-full gform_hidden field_sublabel_below gfield--no-description field_description_below gfield_visibility_visible\"  data-js-reload=\"field_15_11\"><div class='ginput_container ginput_container_text'><input name='input_11' id='input_15_11' type='hidden' class='gform_hidden'  aria-invalid=\"false\" value='' \/><\/div><\/div><div id=\"field_15_12\"  class=\"gfield gfield--type-hidden gfield--width-full gform_hidden field_sublabel_below gfield--no-description field_description_below gfield_visibility_visible\"  data-js-reload=\"field_15_12\"><div class='ginput_container ginput_container_text'><input name='input_12' id='input_15_12' type='hidden' class='gform_hidden'  aria-invalid=\"false\" value='' \/><\/div><\/div><\/div><\/div>\n        <div class='gform_footer top_label'> <input type='submit' id='gform_submit_button_15' class='gform_button button' value='ENVIAR'  onclick='if(window[\"gf_submitting_15\"]){return false;}  if( !jQuery(\"#gform_15\")[0].checkValidity || jQuery(\"#gform_15\")[0].checkValidity()){window[\"gf_submitting_15\"]=true;}  ' onkeypress='if( event.keyCode == 13 ){ if(window[\"gf_submitting_15\"]){return false;} if( !jQuery(\"#gform_15\")[0].checkValidity || jQuery(\"#gform_15\")[0].checkValidity()){window[\"gf_submitting_15\"]=true;}  jQuery(\"#gform_15\").trigger(\"submit\",[true]); }' \/> \n            <input type='hidden' class='gform_hidden' name='is_submit_15' value='1' \/>\n            <input type='hidden' class='gform_hidden' name='gform_submit' value='15' \/>\n            \n            <input type='hidden' class='gform_hidden' name='gform_unique_id' value='' \/>\n            <input type='hidden' class='gform_hidden' name='state_15' value='WyJ7XCI5LjFcIjpcIjM1ZDlkNjI4M2MzYTE1ZDY3Yjg0MTEwNDhkNjI5YTEwXCIsXCI5LjJcIjpcImRkYWNiYjM4NDJlMzI4ODE4MGJmODM5MzdiOTJiYjEwXCIsXCI5LjNcIjpcIjMyODY2MzVlNTg1NmQ1MTU5ZDYwNDhlMDYxOWUyM2Y2XCJ9IiwiMzVkZWI1ZTkwYzJjZDc4MTEzZjQyOTA1YTc1OTI2NDciXQ==' \/>\n            <input type='hidden' class='gform_hidden' name='gform_target_page_number_15' id='gform_target_page_number_15' value='0' \/>\n            <input type='hidden' class='gform_hidden' name='gform_source_page_number_15' id='gform_source_page_number_15' value='1' \/>\n            <input type='hidden' name='gform_field_values' value='' \/>\n            \n        <\/div>\n                        <\/form>\n                        <\/div><script type=\"text\/javascript\">\n\/* <![CDATA[ *\/\n gform.initializeOnLoaded( function() {gformInitSpinner( 15, 'https:\/\/sky-bubbles.com\/wp-content\/plugins\/gravityforms\/images\/spinner.svg', true );jQuery('#gform_ajax_frame_15').on('load',function(){var contents = jQuery(this).contents().find('*').html();var is_postback = contents.indexOf('GF_AJAX_POSTBACK') >= 0;if(!is_postback){return;}var form_content = jQuery(this).contents().find('#gform_wrapper_15');var is_confirmation = jQuery(this).contents().find('#gform_confirmation_wrapper_15').length > 0;var is_redirect = contents.indexOf('gformRedirect(){') >= 0;var is_form = form_content.length > 0 && ! is_redirect && ! is_confirmation;var mt = parseInt(jQuery('html').css('margin-top'), 10) + parseInt(jQuery('body').css('margin-top'), 10) + 100;if(is_form){jQuery('#gform_wrapper_15').html(form_content.html());if(form_content.hasClass('gform_validation_error')){jQuery('#gform_wrapper_15').addClass('gform_validation_error');} else {jQuery('#gform_wrapper_15').removeClass('gform_validation_error');}setTimeout( function() { \/* delay the scroll by 50 milliseconds to fix a bug in chrome *\/  }, 50 );if(window['gformInitDatepicker']) {gformInitDatepicker();}if(window['gformInitPriceFields']) {gformInitPriceFields();}var current_page = jQuery('#gform_source_page_number_15').val();gformInitSpinner( 15, 'https:\/\/sky-bubbles.com\/wp-content\/plugins\/gravityforms\/images\/spinner.svg', true );jQuery(document).trigger('gform_page_loaded', [15, current_page]);window['gf_submitting_15'] = false;}else if(!is_redirect){var confirmation_content = jQuery(this).contents().find('.GF_AJAX_POSTBACK').html();if(!confirmation_content){confirmation_content = contents;}setTimeout(function(){jQuery('#gform_wrapper_15').replaceWith(confirmation_content);jQuery(document).trigger('gform_confirmation_loaded', [15]);window['gf_submitting_15'] = false;wp.a11y.speak(jQuery('#gform_confirmation_message_15').text());}, 50);}else{jQuery('#gform_15').append(contents);if(window['gformRedirect']) {gformRedirect();}}jQuery(document).trigger('gform_post_render', [15, current_page]);gform.utils.trigger({ event: 'gform\/postRender', native: false, data: { formId: 15, currentPage: current_page } });} );} ); \n\/* ]]> *\/\n<\/script>\n[\/et_pb_code][et_pb_code _builder_version=&#8221;4.27.4&#8243; _module_preset=&#8221;default&#8221; hover_enabled=&#8221;0&#8243; global_colors_info=&#8221;{}&#8221; sticky_enabled=&#8221;0&#8243;]<script><!-- [et_pb_line_break_holder] -->document.addEventListener(\"DOMContentLoaded\", function () {<!-- [et_pb_line_break_holder] -->  fetch(\"https:\/\/ipapi.co\/json\/\")<!-- [et_pb_line_break_holder] -->    .then(response => response.json())<!-- [et_pb_line_break_holder] -->    .then(data => {<!-- [et_pb_line_break_holder] -->      const url = new URL(window.location.href);<!-- [et_pb_line_break_holder] -->      url.searchParams.set(\"user_ip\", data.ip || '');<!-- [et_pb_line_break_holder] -->      url.searchParams.set(\"user_city\", data.city || '');<!-- [et_pb_line_break_holder] -->      url.searchParams.set(\"user_country\", data.country_name || '');<!-- [et_pb_line_break_holder] --><!-- [et_pb_line_break_holder] -->      window.history.replaceState({}, '', url); \/\/ opcional: limpia URL despu\u00e9s<!-- [et_pb_line_break_holder] --><!-- [et_pb_line_break_holder] -->      \/\/ Rellenar los inputs directamente (por si ya est\u00e1 cargado el formulario)<!-- [et_pb_line_break_holder] -->      const ipInput = document.querySelector('input[name=\"input_10\"]');<!-- [et_pb_line_break_holder] -->      const cityInput = document.querySelector('input[name=\"input_11\"]');<!-- [et_pb_line_break_holder] -->      const countryInput = document.querySelector('input[name=\"input_12\"]');<!-- [et_pb_line_break_holder] --><!-- [et_pb_line_break_holder] -->      if (ipInput) ipInput.value = data.ip || '';<!-- [et_pb_line_break_holder] -->      if (cityInput) cityInput.value = data.city || '';<!-- [et_pb_line_break_holder] -->      if (countryInput) countryInput.value = data.country_name || '';<!-- [et_pb_line_break_holder] -->    })<!-- [et_pb_line_break_holder] -->    .catch(error => console.error(\"Error al obtener geolocalizaci\u00f3n:\", error));<!-- [et_pb_line_break_holder] -->});<!-- [et_pb_line_break_holder] --><\/script><!-- [et_pb_line_break_holder] -->[\/et_pb_code][\/et_pb_column][\/et_pb_row][et_pb_row use_custom_gutter=&#8221;on&#8221; gutter_width=&#8221;4&#8243; make_equal=&#8221;on&#8221; _builder_version=&#8221;4.27.4&#8243; _module_preset=&#8221;default&#8221; background_color=&#8221;#afa59a&#8221; width=&#8221;100%&#8221; max_width=&#8221;2560px&#8221; custom_margin=&#8221;|auto||auto|false|false&#8221; custom_padding=&#8221;67px||||false|false&#8221; custom_css_main_element=&#8221;align-self: flex-end;||&#8221; global_colors_info=&#8221;{}&#8221;][et_pb_column type=&#8221;4_4&#8243; _builder_version=&#8221;4.27.4&#8243; _module_preset=&#8221;default&#8221; custom_padding=&#8221;||||false|false&#8221; custom_css_main_element=&#8221;align-self: flex-end;&#8221; global_colors_info=&#8221;{}&#8221;][et_pb_text _builder_version=&#8221;4.27.4&#8243; _module_preset=&#8221;default&#8221; text_font=&#8221;Montserrat|700|||||||&#8221; text_text_color=&#8221;gcid-20d98ef4-ab36-4c54-9cdf-5d65772bfef6&#8243; text_font_size=&#8221;28px&#8221; background_color=&#8221;RGBA(255,255,255,0)&#8221; module_alignment=&#8221;center&#8221; custom_margin=&#8221;0px|0px|0px|0px|false|false&#8221; custom_padding=&#8221;10px|0px|10px|0px|false|false&#8221; border_style_all=&#8221;none&#8221; border_width_top=&#8221;1px&#8221; border_color_top=&#8221;#f1f1df&#8221; border_width_bottom=&#8221;2px&#8221; border_color_bottom=&#8221;#f1f1df&#8221; global_colors_info=&#8221;{%22gcid-20d98ef4-ab36-4c54-9cdf-5d65772bfef6%22:%91%22text_text_color%22%93}&#8221;]<\/p>\n<p style=\"text-align: center;\">Visita nuestra web para m\u00e1s informaci\u00f3n<\/p>\n<p>[\/et_pb_text][et_pb_button button_url=&#8221;@ET-DC@eyJkeW5hbWljIjp0cnVlLCJjb250ZW50IjoicG9zdF9saW5rX3VybF9wYWdlIiwic2V0dGluZ3MiOnsicG9zdF9pZCI6IjIzMDc5MSJ9fQ==@&#8221; button_text=&#8221;Ir al sitio web&#8221; button_alignment=&#8221;center&#8221; _builder_version=&#8221;4.27.4&#8243; _dynamic_attributes=&#8221;button_url&#8221; _module_preset=&#8221;default&#8221; custom_button=&#8221;on&#8221; button_text_size=&#8221;20px&#8221; button_text_color=&#8221;#f1f1df&#8221; button_border_color=&#8221;gcid-20d98ef4-ab36-4c54-9cdf-5d65772bfef6&#8243; button_border_radius=&#8221;40px&#8221; button_font=&#8221;Barlow||||||||&#8221; button_use_icon=&#8221;off&#8221; custom_margin=&#8221;20px||38px||false|false&#8221; custom_padding=&#8221;|50px||50px|false|false&#8221; locked=&#8221;off&#8221; global_colors_info=&#8221;{%22gcid-20d98ef4-ab36-4c54-9cdf-5d65772bfef6%22:%91%22button_border_color%22%93}&#8221;][\/et_pb_button][\/et_pb_column][\/et_pb_row][\/et_pb_section]<\/p>\n","protected":false},"excerpt":{"rendered":"<p>\u201cSi Galileo hubiese podido escoger donde dormir, hubiera escogido una SkyBubble\u201dDormir bajo las estrellas siempre ha sido posible, pero nunca tan c\u00f3modamente.Las SkyBubbles son estructuras dise\u00f1adas para alojamientos \u00fanicos. Son transparentes, resistentes y con todo el confort de un hotel de lujo. Las \u00fanicas que permiten una visi\u00f3n sin obst\u00e1culos al firmamento. Perfecta para que [&hellip;]<\/p>\n","protected":false},"author":1,"featured_media":0,"parent":0,"menu_order":0,"comment_status":"closed","ping_status":"closed","template":"","meta":{"_et_pb_use_builder":"on","_et_pb_old_content":"","_et_gb_content_width":"","_monsterinsights_skip_tracking":false,"_monsterinsights_sitenote_active":false,"_monsterinsights_sitenote_note":"","_monsterinsights_sitenote_category":0,"footnotes":""},"class_list":["post-252954","page","type-page","status-publish","hentry"],"aioseo_notices":[],"_links":{"self":[{"href":"https:\/\/sky-bubbles.com\/es\/wp-json\/wp\/v2\/pages\/252954","targetHints":{"allow":["GET"]}}],"collection":[{"href":"https:\/\/sky-bubbles.com\/es\/wp-json\/wp\/v2\/pages"}],"about":[{"href":"https:\/\/sky-bubbles.com\/es\/wp-json\/wp\/v2\/types\/page"}],"author":[{"embeddable":true,"href":"https:\/\/sky-bubbles.com\/es\/wp-json\/wp\/v2\/users\/1"}],"replies":[{"embeddable":true,"href":"https:\/\/sky-bubbles.com\/es\/wp-json\/wp\/v2\/comments?post=252954"}],"version-history":[{"count":25,"href":"https:\/\/sky-bubbles.com\/es\/wp-json\/wp\/v2\/pages\/252954\/revisions"}],"predecessor-version":[{"id":253012,"href":"https:\/\/sky-bubbles.com\/es\/wp-json\/wp\/v2\/pages\/252954\/revisions\/253012"}],"wp:attachment":[{"href":"https:\/\/sky-bubbles.com\/es\/wp-json\/wp\/v2\/media?parent=252954"}],"curies":[{"name":"wp","href":"https:\/\/api.w.org\/{rel}","templated":true}]}}