{"id":252790,"date":"2025-03-24T13:25:23","date_gmt":"2025-03-24T13:25:23","guid":{"rendered":"https:\/\/sky-bubbles.com\/?page_id=252790"},"modified":"2025-03-25T17:37:41","modified_gmt":"2025-03-25T17:37:41","slug":"entrevista-a-antonia-varela-astrofisica-y-directora-de-la-fundacion-starlight","status":"publish","type":"page","link":"https:\/\/sky-bubbles.com\/es\/entrevista-a-antonia-varela-astrofisica-y-directora-de-la-fundacion-starlight\/","title":{"rendered":"Entrevista a Antonia Varela, Astrof\u00edsica y Directora de la Fundaci\u00f3n Starlight"},"content":{"rendered":"<p>[et_pb_section fb_built=&#8221;1&#8243; _builder_version=&#8221;4.19.0&#8243; _module_preset=&#8221;default&#8221; background_color=&#8221;#f1f1df&#8221; custom_padding=&#8221;0px|||||&#8221; da_disable_devices=&#8221;off|off|off&#8221; locked=&#8221;off&#8221; global_colors_info=&#8221;{}&#8221; da_is_popup=&#8221;off&#8221; da_exit_intent=&#8221;off&#8221; da_has_close=&#8221;on&#8221; da_alt_close=&#8221;off&#8221; da_dark_close=&#8221;off&#8221; da_not_modal=&#8221;on&#8221; da_is_singular=&#8221;off&#8221; da_with_loader=&#8221;off&#8221; da_has_shadow=&#8221;on&#8221;][et_pb_row column_structure=&#8221;1_5,3_5,1_5&#8243; _builder_version=&#8221;4.22.1&#8243; _module_preset=&#8221;default&#8221; global_colors_info=&#8221;{}&#8221;][et_pb_column type=&#8221;1_5&#8243; _builder_version=&#8221;4.19.0&#8243; _module_preset=&#8221;default&#8221; global_colors_info=&#8221;{}&#8221;][\/et_pb_column][et_pb_column type=&#8221;3_5&#8243; _builder_version=&#8221;4.19.0&#8243; _module_preset=&#8221;default&#8221; global_colors_info=&#8221;{}&#8221;][et_pb_text _builder_version=&#8221;4.27.0&#8243; _module_preset=&#8221;default&#8221; text_font=&#8221;Montserrat|700|||||||&#8221; text_text_color=&#8221;#000000&#8243; text_font_size=&#8221;37px&#8221; text_line_height=&#8221;30px&#8221; text_orientation=&#8221;center&#8221; hover_enabled=&#8221;0&#8243; global_colors_info=&#8221;{}&#8221; sticky_enabled=&#8221;0&#8243;]Entrevista a Antonia Varela, Astrof\u00edsica y Directora de la Fundaci\u00f3n Starlight[\/et_pb_text][et_pb_button button_text=&#8221;ENTREVISTAS&#8221; button_alignment=&#8221;center&#8221; module_class=&#8221;df-button dfc-entrevistas&#8221; _builder_version=&#8221;4.27.0&#8243; _module_preset=&#8221;default&#8221; custom_button=&#8221;on&#8221; button_text_size=&#8221;14px&#8221; button_text_color=&#8221;#000000&#8243; button_bg_color=&#8221;RGBA(255,255,255,0)&#8221; button_border_width=&#8221;1px&#8221; button_border_radius=&#8221;100px&#8221; button_use_icon=&#8221;off&#8221; custom_margin=&#8221;|20px|||false|false&#8221; custom_padding=&#8221;0px|20px|0px|20px|false|false&#8221; hover_enabled=&#8221;0&#8243; locked=&#8221;off&#8221; global_colors_info=&#8221;{}&#8221; button_bg_color__hover_enabled=&#8221;on|hover&#8221; button_bg_color__hover=&#8221;#7296ab&#8221; button_bg_enable_color__hover=&#8221;on&#8221; button_text_color__hover_enabled=&#8221;on|hover&#8221; button_text_color__hover=&#8221;#FFFFFF&#8221; sticky_enabled=&#8221;0&#8243;][\/et_pb_button][\/et_pb_column][et_pb_column type=&#8221;1_5&#8243; _builder_version=&#8221;4.19.0&#8243; _module_preset=&#8221;default&#8221; global_colors_info=&#8221;{}&#8221;][\/et_pb_column][\/et_pb_row][et_pb_row column_structure=&#8221;1_5,3_5,1_5&#8243; _builder_version=&#8221;4.19.0&#8243; _module_preset=&#8221;default&#8221; global_colors_info=&#8221;{}&#8221;][et_pb_column type=&#8221;1_5&#8243; _builder_version=&#8221;4.19.0&#8243; _module_preset=&#8221;default&#8221; global_colors_info=&#8221;{}&#8221;][\/et_pb_column][et_pb_column type=&#8221;3_5&#8243; _builder_version=&#8221;4.19.0&#8243; _module_preset=&#8221;default&#8221; global_colors_info=&#8221;{}&#8221;][et_pb_text _builder_version=&#8221;4.27.0&#8243; _module_preset=&#8221;default&#8221; text_font=&#8221;Montserrat|700|||||||&#8221; text_text_color=&#8221;#000000&#8243; text_font_size=&#8221;15px&#8221; text_orientation=&#8221;center&#8221; custom_margin=&#8221;3px||-25px|||&#8221; custom_padding=&#8221;||3px|||&#8221; hover_enabled=&#8221;0&#8243; global_colors_info=&#8221;{}&#8221; sticky_enabled=&#8221;0&#8243;]A menudo, una persona posee un halo especial que capta la atenci\u00f3n y admiraci\u00f3n de los dem\u00e1s, impulsado por su pasi\u00f3n desbordante por lo que hace. En este tipo de personas, la pasi\u00f3n es evidente cuando hablan de lo que les apasiona. Su mirada se ilumina y, aunque no se sea un gran observador, basta con escuchar su tono de voz y sus explicaciones para percibir la inmensa cantidad de conocimiento y estudio que respalda cada uno de sus argumentos.[\/et_pb_text][\/et_pb_column][et_pb_column type=&#8221;1_5&#8243; _builder_version=&#8221;4.19.0&#8243; _module_preset=&#8221;default&#8221; global_colors_info=&#8221;{}&#8221;][\/et_pb_column][\/et_pb_row][et_pb_row make_equal=&#8221;on&#8221; _builder_version=&#8221;4.22.1&#8243; _module_preset=&#8221;default&#8221; width_tablet=&#8221;&#8221; width_phone=&#8221;100%&#8221; width_last_edited=&#8221;on|phone&#8221; max_width=&#8221;2560px&#8221; custom_padding=&#8221;1px||||false|false&#8221; global_colors_info=&#8221;{}&#8221;][et_pb_column type=&#8221;4_4&#8243; _builder_version=&#8221;4.22.1&#8243; _module_preset=&#8221;default&#8221; custom_padding=&#8221;5%||||false|false&#8221; global_colors_info=&#8221;{}&#8221;][et_pb_image src=&#8221;https:\/\/sky-bubbles.com\/wp-content\/uploads\/2025\/03\/C15L2016.jpg&#8221; title_text=&#8221;C15L2016&#8243; align=&#8221;center&#8221; force_fullwidth=&#8221;on&#8221; _builder_version=&#8221;4.27.0&#8243; _module_preset=&#8221;default&#8221; custom_margin=&#8221;||0px||false|false&#8221; custom_padding=&#8221;||||false|false&#8221; hover_enabled=&#8221;0&#8243; global_colors_info=&#8221;{}&#8221; sticky_enabled=&#8221;0&#8243;][\/et_pb_image][\/et_pb_column][\/et_pb_row][et_pb_row column_structure=&#8221;1_5,3_5,1_5&#8243; _builder_version=&#8221;4.19.0&#8243; _module_preset=&#8221;default&#8221; global_colors_info=&#8221;{}&#8221;][et_pb_column type=&#8221;1_5&#8243; _builder_version=&#8221;4.19.0&#8243; _module_preset=&#8221;default&#8221; global_colors_info=&#8221;{}&#8221;][\/et_pb_column][et_pb_column type=&#8221;3_5&#8243; _builder_version=&#8221;4.19.0&#8243; _module_preset=&#8221;default&#8221; global_colors_info=&#8221;{}&#8221;][et_pb_text _builder_version=&#8221;4.27.0&#8243; _module_preset=&#8221;default&#8221; text_font=&#8221;Barlow|300|||||||&#8221; text_text_color=&#8221;#000000&#8243; hover_enabled=&#8221;0&#8243; global_colors_info=&#8221;{}&#8221; sticky_enabled=&#8221;0&#8243;]Si, adem\u00e1s, son capaces de hacer comprensible lo complejo y presentan sus ideas de forma amena, estamos, a mi modo de ver, ante alguien verdaderamente excepcional.<\/p>\n<p>Y si a todo ello le sumamos que en este caso hablamos de una astrof\u00edsica y que su pasi\u00f3n es el cielo, esta entrevista se transforma en una de las m\u00e1s especiales que hemos hecho hasta hoy; y es que, junto a Quim, hemos tenido el placer de conversar con Antonia Varela, la directora de la Fundaci\u00f3n Starlight y del Museo del Cosmos de Tenerife. [\/et_pb_text][\/et_pb_column][et_pb_column type=&#8221;1_5&#8243; _builder_version=&#8221;4.19.0&#8243; _module_preset=&#8221;default&#8221; global_colors_info=&#8221;{}&#8221;][\/et_pb_column][\/et_pb_row][et_pb_row column_structure=&#8221;1_5,3_5,1_5&#8243; _builder_version=&#8221;4.19.0&#8243; _module_preset=&#8221;default&#8221; global_colors_info=&#8221;{}&#8221;][et_pb_column type=&#8221;1_5&#8243; _builder_version=&#8221;4.19.0&#8243; _module_preset=&#8221;default&#8221; global_colors_info=&#8221;{}&#8221;][\/et_pb_column][et_pb_column type=&#8221;3_5&#8243; _builder_version=&#8221;4.19.0&#8243; _module_preset=&#8221;default&#8221; global_colors_info=&#8221;{}&#8221;][et_pb_text _builder_version=&#8221;4.27.0&#8243; _module_preset=&#8221;default&#8221; text_font=&#8221;Barlow|300|||||||&#8221; text_text_color=&#8221;#000000&#8243; hover_enabled=&#8221;0&#8243; global_colors_info=&#8221;{}&#8221; sticky_enabled=&#8221;0&#8243;]<\/p>\n<p><strong>P. Para los m\u00e1s profanos en la materia, \u00bfc\u00f3mo surge la idea de estudiar astrof\u00edsica?<\/strong><br \/>A. No naces con el chip implantado jajaja. Desde muy temprano ya me gustaban mucho las matem\u00e1ticas, la f\u00edsica y las ciencias en general. Supongo que tambi\u00e9n destacar\u00eda dos momentos clave que hacen que me interese mucho por lo que hoy hago: ya en cuarto de primaria alucin\u00e9 con un libro llamado Cosmos en el que se explicaba la ley de la inercia, es un recuerdo que tengo muy vivo; otro muy definitivo fue un verano en el que mis padres alquilaron una casa para veranear a un amigo suyo que quer\u00eda ser astrof\u00edsico. La ubicaci\u00f3n de la casa era \u00f3ptima para ver el cielo y las estrellas.<\/p>\n<p><strong>P. \u00bfCon qu\u00e9 edad surgi\u00f3 esa idea?<\/strong><br \/>A. Pues entre los 13 y los 14 a\u00f1os.<\/p>\n<p><strong>Q. \u00a1A eso se le llama casi estar predestinado!<\/strong><br \/>A. Durante el bachillerato ya decid\u00ed que quer\u00eda hacer F\u00edsica para luego especializarme en Astrof\u00edsica. Incluso tuve alg\u00fan profesor que intent\u00f3 convencerme de que cambiara mi rumbo y me insist\u00eda en que deber\u00eda estudiar otra cosa. Es divertido que, a\u00f1os despu\u00e9s, cuando alumnos de ese mismo instituto y profesor visitaron el museo que dirijo para una jornada formativa, le escrib\u00ed con cari\u00f1o a este profesor para decirle que no me hab\u00eda ido nada mal y que me asegurar\u00eda de que sus alumnos aprendieran un mont\u00f3n.<\/p>\n<p><strong>P. La carrera de Astrof\u00edsica es compleja, supongo que requiere de muchas horas de poner codos en la mesa.<\/strong><br \/>A. S\u00ed. De hecho, recuerdo que el chico del que me enamor\u00e9 \u2014hoy mi marido\u2014 acert\u00f3 regal\u00e1ndome un libro de Carl Sagan y un telescopio. Ten\u00eda claro que estar\u00eda con alguien que llevar\u00eda libros incluso a las citas. Jajaja.<\/p>\n<p><strong>Q. Para hacer Astrof\u00edsica, supongo que tuviste que hacer una especialidad post carrera, \u00bfno?<\/strong><\/p>\n<p>A. Efectivamente. \u00c9ramos dos compa\u00f1eros de Canarias y diez en total en la especializaci\u00f3n que, por cierto, estrenamos aqu\u00ed. Estuve a punto de ir a Barcelona para cursarla, pero finalmente se decidi\u00f3 impartirla en Canarias.<\/p>\n<p><strong>P. \u00bfY qu\u00e9 tal la experiencia?<\/strong><br \/>A. Fui la primera de mi promoci\u00f3n. Sab\u00eda que esta era mi vocaci\u00f3n, pero durante la especializaci\u00f3n lo confirm\u00e9 al 100%. Adem\u00e1s, gracias al desarrollo de mi tesis, tuve la oportunidad de viajar a lugares extraordinarios como Cambridge o Chile. Guardo muy buenos recuerdos de aquella \u00e9poca.<\/p>\n<p><strong>Q. Me da miedo preguntar, pero, \u00bfsobre qu\u00e9 iba la tesis?<\/strong><br \/>A. Opt\u00e9 por estudiar la morfolog\u00eda de las galaxias reproduciendo e investigando modelos matem\u00e1ticos en entornos de poco gas donde hab\u00edan surgido bulbos gal\u00e1cticos (grupos centrales de estrellas) que son clave en el origen de cualquier galaxia. Lo estudi\u00e9 porque no era habitual y hasta entonces se hab\u00eda postulado que, para que hubiera brotes donde se produjeran estrellas, era imprescindible tener entornos de alto contenido gaseoso.<\/p>\n<p><strong>P. Entiendo que la tecnolog\u00eda con la que contabas en ese estudio no era ni por asomo la tecnolog\u00eda con la que podemos contar hoy d\u00eda, \u00bfno?<\/strong><br \/>A. Efectivamente, fue muy complejo. Reproduc\u00eda modelos 3D con fotos, y fui la primera en introducir la luz como factor interviniente a la hora de reproducir dichos modelos.<\/p>\n<p><strong>P. No tengo demasiada idea, pero suena a muy innovador.<\/strong><br \/>A. S\u00ed, de hecho, tengo que decir que mi tesis se ha utilizado posteriormente para distintos estudios y postulaciones.<\/p>\n<p><strong>Q. Y cuando terminas\u2026 \u00bfQu\u00e9 hace una Astrof\u00edsica?<\/strong><br \/>A. Pues como todos, intentar trabajar de aquello que nos gusta. Surgi\u00f3 la oportunidad de conseguir un contrato postdoctoral a trav\u00e9s de la universidad para un nuevo proyecto en las Islas Canarias. Su objetivo era definir los par\u00e1metros para medir la calidad del cielo en una zona concreta, especificar la tecnolog\u00eda necesaria para obtener esos datos y divulgar lo aprendido para que el proceso pudiera replicarse.<\/p>\n<p>En ese momento, el 90% de las ubicaciones dedicadas a la astronom\u00eda estaban en Chile, as\u00ed que nos propusimos competir, ya que en las islas cont\u00e1bamos con condiciones ideales. No bastaba con decir &#8220;somos buenos&#8221;, hab\u00eda que dar un paso m\u00e1s y demostrar cu\u00e1n buenos \u00e9ramos.<\/p>\n<p><strong>P. \u00a1Salta a la vista que el proyecto funcion\u00f3! \u00bfCu\u00e1les son los par\u00e1metros para medir la calidad del cielo?<\/strong><br \/>A. Cada vez hay m\u00e1s, pero te dir\u00e9 los m\u00e1s importantes: la escasez de turbulencias, la claridad de la imagen teniendo en cuenta el paso de la luz, la transparencia del aire de la atm\u00f3sfera, escasas o nula contaminaci\u00f3n lum\u00ednica y escasez o nulidad de nubes, tormentas tropicales y huracanes.<\/p>\n<p><strong>P. Pero entonces, \u00bfeste proyecto origina la fundaci\u00f3n Starlight?<\/strong><br \/>A. Starlight naci\u00f3 en 2007 con el objetivo de concienciar sobre la Declaraci\u00f3n de La Palma. En 1988 se redact\u00f3 y firm\u00f3 un tratado para la protecci\u00f3n del cielo, aplicable en La Palma y parte de Tenerife, convirti\u00e9ndose en el primero de su tipo. Starlight surgi\u00f3 con la misi\u00f3n de ampliar su alcance a trav\u00e9s de formaci\u00f3n, eventos, actividades culturales y la labor de sus embajadores en todo el mundo.<\/p>\n<p>Cuando se cre\u00f3 Starlight, sus fundadores, Francisco S\u00e1nchez y Luis Mart\u00ednez, entraron en contacto con el grupo universitario en el que yo investigaba sobre la calidad del cielo. Desde el inicio, me incorpor\u00e9 a Starlight como formadora. En la actualidad, Starlight es la imagen internacional de la Declaraci\u00f3n de La Palma.<\/p>\n<p><strong>Q. \u00bfY c\u00f3mo es el d\u00eda a d\u00eda de la Directora de la Fundaci\u00f3n Starlight?<\/strong><br \/>A. Ocupado jajajaja. La verdad es que no paro, con los cambios horarios muchas veces me voy a dormir contestando un correo y me levanto contestando otro. Pero vale la pena, con todos los proyectos que tenemos entre certificaciones, cursos, auditor\u00edas, colaboraciones\u2026 Es una gozada ver c\u00f3mo la marca se consolida y crece de forma sostenible consiguiendo a\u00f1o tras a\u00f1o los objetivos que nos marcamos. Me gusta decir que tengo la mirada en el cielo y los pies en el suelo.<\/p>\n<p>[\/et_pb_text][\/et_pb_column][et_pb_column type=&#8221;1_5&#8243; _builder_version=&#8221;4.19.0&#8243; _module_preset=&#8221;default&#8221; global_colors_info=&#8221;{}&#8221;][\/et_pb_column][\/et_pb_row][et_pb_row column_structure=&#8221;2_5,3_5&#8243; make_equal=&#8221;on&#8221; _builder_version=&#8221;4.27.0&#8243; _module_preset=&#8221;default&#8221; width_tablet=&#8221;&#8221; width_phone=&#8221;100%&#8221; width_last_edited=&#8221;on|phone&#8221; max_width=&#8221;2560px&#8221; hover_enabled=&#8221;0&#8243; global_colors_info=&#8221;{}&#8221; sticky_enabled=&#8221;0&#8243;][et_pb_column type=&#8221;2_5&#8243; _builder_version=&#8221;4.22.1&#8243; _module_preset=&#8221;default&#8221; custom_padding=&#8221;||||false|false&#8221; global_colors_info=&#8221;{}&#8221;][et_pb_image src=&#8221;https:\/\/sky-bubbles.com\/wp-content\/uploads\/2025\/03\/421_historia-fundacion-starlight.jpg&#8221; _builder_version=&#8221;4.27.0&#8243; _module_preset=&#8221;default&#8221; title_text=&#8221;421_historia-fundacion-starlight&#8221; hover_enabled=&#8221;0&#8243; sticky_enabled=&#8221;0&#8243;][\/et_pb_image][\/et_pb_column][et_pb_column type=&#8221;3_5&#8243; _builder_version=&#8221;4.27.0&#8243; _module_preset=&#8221;default&#8221; hover_enabled=&#8221;0&#8243; global_colors_info=&#8221;{}&#8221; sticky_enabled=&#8221;0&#8243; custom_css_main_element=&#8221;align-self: center;&#8221;][et_pb_text _builder_version=&#8221;4.27.0&#8243; _module_preset=&#8221;default&#8221; text_font=&#8221;Playfair Display|500|on||||||&#8221; text_text_color=&#8221;#000000&#8243; text_font_size=&#8221;46px&#8221; text_line_height=&#8221;60px&#8221; hover_enabled=&#8221;0&#8243; text_font_size_tablet=&#8221;46px&#8221; text_font_size_phone=&#8221;35px&#8221; text_font_size_last_edited=&#8221;on|phone&#8221; global_colors_info=&#8221;{}&#8221; sticky_enabled=&#8221;0&#8243;]&#8221;Me gusta decir que tengo la mirada en el cielo y los pies en el suelo.&#8221;[\/et_pb_text][\/et_pb_column][\/et_pb_row][et_pb_row column_structure=&#8221;1_5,3_5,1_5&#8243; _builder_version=&#8221;4.19.0&#8243; _module_preset=&#8221;default&#8221; global_colors_info=&#8221;{}&#8221;][et_pb_column type=&#8221;1_5&#8243; _builder_version=&#8221;4.19.0&#8243; _module_preset=&#8221;default&#8221; global_colors_info=&#8221;{}&#8221;][\/et_pb_column][et_pb_column type=&#8221;3_5&#8243; _builder_version=&#8221;4.19.0&#8243; _module_preset=&#8221;default&#8221; global_colors_info=&#8221;{}&#8221;][et_pb_text _builder_version=&#8221;4.27.0&#8243; _module_preset=&#8221;default&#8221; text_font=&#8221;Barlow|300|||||||&#8221; text_text_color=&#8221;#000000&#8243; hover_enabled=&#8221;0&#8243; global_colors_info=&#8221;{}&#8221; sticky_enabled=&#8221;0&#8243;]<\/p>\n<p><strong>P. \u00a1Qu\u00e9 gran frase, y qu\u00e9 adecuada! Para dimensionar la fundaci\u00f3n Starlight en datos, \u00bfcu\u00e1les destacar\u00edas?<\/strong><br \/>A. Organizamos 10 cursos anuales y colaboramos tanto a nivel nacional como internacional. Ofrecemos formaci\u00f3n para t\u00e9cnicos y para emprendedores que quieren orientar su negocio hacia la protecci\u00f3n del cielo. Adem\u00e1s, para que os hag\u00e1is una idea, \u00a1la demanda de nuestra certificaci\u00f3n crece actualmente un 300% cada a\u00f1o!<\/p>\n<p>Eso s\u00ed, crecemos de forma sostenida. Tan importante como expandirnos es que nuestros embajadores refuercen la Declaraci\u00f3n de La Palma y los valores de Starlight. No queremos ser solo una certificaci\u00f3n; si alg\u00fan certificado no cumple con sus compromisos, se da de baja sin excepci\u00f3n.<\/p>\n<p><strong>Q. \u00bfY una entidad privada puede certificarse?<\/strong><br \/>A. El cielo no entiende de privado o p\u00fablico: el cielo supera incluso la pol\u00edtica. Solo tenemos uno y hay que cuidarlo. Por supuesto que una entidad privada puede certificarse en Starlight si se compromete y cumple con el tratado de La Palma y hace bandera de \u00e9l.<\/p>\n<p><strong>Q. \u00a1Entonces, las Skybubbles y Starlight est\u00e1n destinadas a entenderse!<\/strong><br \/>A. Los alojamientos de Skybubbles son interesantes por la experiencia que pueden ofrecer a aquellos que quieren contemplar el cielo de una forma n\u00edtida. Ser\u00edais unos grandes aliados. \u00a1Hay que hablarlo!<\/p>\n<p><strong>Q. \u00a1Seguro que lo haremos!<\/strong><br \/><strong> P. \u00a1Gracias Antonia!<\/strong><br \/>A. \u00a1Gracias a vosotros!<\/p>\n<p>[\/et_pb_text][\/et_pb_column][et_pb_column type=&#8221;1_5&#8243; _builder_version=&#8221;4.19.0&#8243; _module_preset=&#8221;default&#8221; global_colors_info=&#8221;{}&#8221;][\/et_pb_column][\/et_pb_row][et_pb_row column_structure=&#8221;1_3,2_3&#8243; make_equal=&#8221;on&#8221; _builder_version=&#8221;4.22.1&#8243; _module_preset=&#8221;default&#8221; width_tablet=&#8221;&#8221; width_phone=&#8221;100%&#8221; width_last_edited=&#8221;on|phone&#8221; max_width=&#8221;2560px&#8221; global_colors_info=&#8221;{}&#8221;][et_pb_column type=&#8221;1_3&#8243; _builder_version=&#8221;4.22.1&#8243; _module_preset=&#8221;default&#8221; custom_padding=&#8221;||||false|false&#8221; global_colors_info=&#8221;{}&#8221;][et_pb_image src=&#8221;https:\/\/sky-bubbles.com\/wp-content\/uploads\/2025\/03\/Finolhu-Beach-Bubble-Tent-12-scaled.jpg&#8221; title_text=&#8221;Finolhu Beach Bubble &#8211; Tent 12&#8243; align=&#8221;center&#8221; force_fullwidth=&#8221;on&#8221; _builder_version=&#8221;4.27.0&#8243; _module_preset=&#8221;default&#8221; custom_margin=&#8221;||6px||false|false&#8221; custom_padding=&#8221;||||false|false&#8221; hover_enabled=&#8221;0&#8243; global_colors_info=&#8221;{}&#8221; sticky_enabled=&#8221;0&#8243;][\/et_pb_image][\/et_pb_column][et_pb_column type=&#8221;2_3&#8243; _builder_version=&#8221;4.19.0&#8243; _module_preset=&#8221;default&#8221; global_colors_info=&#8221;{}&#8221;][et_pb_text _builder_version=&#8221;4.27.0&#8243; _module_preset=&#8221;default&#8221; text_font=&#8221;Playfair Display|500|on||||||&#8221; text_text_color=&#8221;#000000&#8243; text_font_size=&#8221;46px&#8221; text_line_height=&#8221;60px&#8221; hover_enabled=&#8221;0&#8243; text_font_size_tablet=&#8221;46px&#8221; text_font_size_phone=&#8221;35px&#8221; text_font_size_last_edited=&#8221;on|phone&#8221; global_colors_info=&#8221;{}&#8221; sticky_enabled=&#8221;0&#8243;]&#8221;Los alojamientos de Skybubbles son interesantes por la experiencia que pueden ofrecer a aquellos que quieren contemplar el cielo de una forma n\u00edtida. Ser\u00edais unos grandes aliados. \u00a1Hay que hablarlo!&#8221;[\/et_pb_text][\/et_pb_column][\/et_pb_row][\/et_pb_section]<\/p>\n","protected":false},"excerpt":{"rendered":"<p>Entrevista a Antonia Varela, Astrof\u00edsica y Directora de la Fundaci\u00f3n StarlightA menudo, una persona posee un halo especial que capta la atenci\u00f3n y admiraci\u00f3n de los dem\u00e1s, impulsado por su pasi\u00f3n desbordante por lo que hace. En este tipo de personas, la pasi\u00f3n es evidente cuando hablan de lo que les apasiona. Su mirada se [&hellip;]<\/p>\n","protected":false},"author":1,"featured_media":0,"parent":0,"menu_order":0,"comment_status":"closed","ping_status":"closed","template":"","meta":{"_et_pb_use_builder":"on","_et_pb_old_content":"","_et_gb_content_width":"","_monsterinsights_skip_tracking":false,"_monsterinsights_sitenote_active":false,"_monsterinsights_sitenote_note":"","_monsterinsights_sitenote_category":0,"footnotes":""},"class_list":["post-252790","page","type-page","status-publish","hentry"],"aioseo_notices":[],"_links":{"self":[{"href":"https:\/\/sky-bubbles.com\/es\/wp-json\/wp\/v2\/pages\/252790","targetHints":{"allow":["GET"]}}],"collection":[{"href":"https:\/\/sky-bubbles.com\/es\/wp-json\/wp\/v2\/pages"}],"about":[{"href":"https:\/\/sky-bubbles.com\/es\/wp-json\/wp\/v2\/types\/page"}],"author":[{"embeddable":true,"href":"https:\/\/sky-bubbles.com\/es\/wp-json\/wp\/v2\/users\/1"}],"replies":[{"embeddable":true,"href":"https:\/\/sky-bubbles.com\/es\/wp-json\/wp\/v2\/comments?post=252790"}],"version-history":[{"count":6,"href":"https:\/\/sky-bubbles.com\/es\/wp-json\/wp\/v2\/pages\/252790\/revisions"}],"predecessor-version":[{"id":252808,"href":"https:\/\/sky-bubbles.com\/es\/wp-json\/wp\/v2\/pages\/252790\/revisions\/252808"}],"wp:attachment":[{"href":"https:\/\/sky-bubbles.com\/es\/wp-json\/wp\/v2\/media?parent=252790"}],"curies":[{"name":"wp","href":"https:\/\/api.w.org\/{rel}","templated":true}]}}