{"id":251730,"date":"2023-08-15T08:45:34","date_gmt":"2023-08-15T08:45:34","guid":{"rendered":"https:\/\/sky-bubbles.com\/?page_id=251730"},"modified":"2023-08-15T09:47:48","modified_gmt":"2023-08-15T09:47:48","slug":"funda-solar","status":"publish","type":"page","link":"https:\/\/sky-bubbles.com\/es\/accesorios-de-las-skybubbles\/funda-solar\/","title":{"rendered":"Funda solar"},"content":{"rendered":"<p>[et_pb_section fb_built=&#8221;1&#8243; disabled_on=&#8221;on|off|off&#8221; admin_label=&#8221;PC1&#8243; module_id=&#8221;manifiesto&#8221; _builder_version=&#8221;4.21.0&#8243; _module_preset=&#8221;default&#8221; background_enable_color=&#8221;off&#8221; background_image=&#8221;https:\/\/sky-bubbles.com\/wp-content\/uploads\/2023\/02\/nosotros-fons-scaled.jpg&#8221; positioning=&#8221;none&#8221; module_alignment=&#8221;center&#8221; overflow-x=&#8221;hidden&#8221; overflow-y=&#8221;hidden&#8221; custom_margin=&#8221;||||false|false&#8221; custom_padding=&#8221;||||false|false&#8221; hover_enabled=&#8221;0&#8243; collapsed=&#8221;on&#8221; global_colors_info=&#8221;{}&#8221; sticky_enabled=&#8221;0&#8243;][et_pb_row column_structure=&#8221;1_2,1_2&#8243; use_custom_gutter=&#8221;on&#8221; gutter_width=&#8221;4&#8243; _builder_version=&#8221;4.19.4&#8243; _module_preset=&#8221;default&#8221; positioning=&#8221;none&#8221; width=&#8221;90%&#8221; max_width=&#8221;2560px&#8221; global_colors_info=&#8221;{}&#8221;][et_pb_column type=&#8221;1_2&#8243; _builder_version=&#8221;4.19.0&#8243; _module_preset=&#8221;default&#8221; custom_padding=&#8221;|40px||40px|false|false&#8221; global_colors_info=&#8221;{}&#8221;][et_pb_text _builder_version=&#8221;4.21.0&#8243; _module_preset=&#8221;default&#8221; text_font=&#8221;Montserrat|700|||||||&#8221; text_text_color=&#8221;#e5e5d4&#8243; text_font_size=&#8221;65px&#8221; text_line_height=&#8221;0.9em&#8221; header_font=&#8221;Montserrat|700|||||||&#8221; header_text_align=&#8221;left&#8221; header_text_color=&#8221;gcid-20d98ef4-ab36-4c54-9cdf-5d65772bfef6&#8243; header_font_size=&#8221;65px&#8221; header_line_height=&#8221;1.2em&#8221; header_2_font=&#8221;Montserrat|700|||||||&#8221; header_2_text_color=&#8221;gcid-20d98ef4-ab36-4c54-9cdf-5d65772bfef6&#8243; header_2_font_size=&#8221;65px&#8221; header_2_line_height=&#8221;1.2em&#8221; background_color=&#8221;RGBA(255,255,255,0)&#8221; custom_margin=&#8221;||0px|||&#8221; global_colors_info=&#8221;{%22gcid-20d98ef4-ab36-4c54-9cdf-5d65772bfef6%22:%91%22header_text_color%22,%22header_2_text_color%22%93}&#8221; content__hover_enabled=&#8221;off|desktop&#8221; content__hover=&#8221;<\/p>\n<h1>Parquet<\/h1>\n<p>&#8220;]<\/p>\n<h1>Funda solar<\/h1>\n<p>[\/et_pb_text][et_pb_text _builder_version=&#8221;4.21.0&#8243; _module_preset=&#8221;default&#8221; text_font=&#8221;Playfair Display||on||||||&#8221; text_text_color=&#8221;gcid-d7f7799a-c52d-4f08-81e1-d8c0f9987516&#8243; text_font_size=&#8221;37px&#8221; text_line_height=&#8221;0em&#8221; background_color=&#8221;RGBA(255,255,255,0)&#8221; custom_margin=&#8221;||||false|false&#8221; custom_padding=&#8221;17px||||false|false&#8221; locked=&#8221;off&#8221; global_colors_info=&#8221;{%22gcid-d7f7799a-c52d-4f08-81e1-d8c0f9987516%22:%91%22text_text_color%22%93}&#8221;]Confrot &#038; ahorro[\/et_pb_text][et_pb_divider show_divider=&#8221;off&#8221; _builder_version=&#8221;4.19.0&#8243; _module_preset=&#8221;default&#8221; custom_padding=&#8221;||36px|||&#8221; global_colors_info=&#8221;{}&#8221;][\/et_pb_divider][et_pb_text _builder_version=&#8221;4.21.0&#8243; _module_preset=&#8221;default&#8221; text_font=&#8221;Montserrat|700|||||||&#8221; text_text_color=&#8221;#e5e5d4&#8243; text_font_size=&#8221;21px&#8221; header_3_font=&#8221;Montserrat|700|||||||&#8221; header_3_text_color=&#8221;gcid-20d98ef4-ab36-4c54-9cdf-5d65772bfef6&#8243; header_3_font_size=&#8221;21px&#8221; header_3_line_height=&#8221;1.2em&#8221; background_color=&#8221;RGBA(255,255,255,0)&#8221; custom_margin=&#8221;||6px||false|false&#8221; global_colors_info=&#8221;{%22gcid-20d98ef4-ab36-4c54-9cdf-5d65772bfef6%22:%91%22header_3_text_color%22%93}&#8221;]<\/p>\n<p>A\u00fan no sabemos por qu\u00e9 est\u00e1 en el apartado de accesorios, ya que es absolutamente necesaria. Quiz\u00e1s porque &#8220;otros&#8221; no la ofrecen o no les importa el material y la fabricaci\u00f3n de este imprescindible. Sin la funda solar el interior de la bubble puede alcanzar los 70\u00baC en verano, con una funda convencional se pueden rebajar 15\u00baC y con el tejido que hemos desarrollado especialmente para este uso hemos conseguido rebajar otros 15\u00baC. El ahorro en la factura de 3 meses de climatizaci\u00f3n ya pagan este accesorio.<\/p>\n<p>Caracter\u00edsticas principales:<\/p>\n<p>&nbsp;<\/p>\n<ul>\n<li>Tejido reflectante del 98,5% de los rayos UV e infrarrojos<\/li>\n<li>Modelo est\u00e1ndar y de cubrici\u00f3n total<\/li>\n<\/ul>\n<p>[\/et_pb_text][\/et_pb_column][et_pb_column type=&#8221;1_2&#8243; _builder_version=&#8221;4.19.4&#8243; _module_preset=&#8221;default&#8221; global_colors_info=&#8221;{}&#8221;][et_pb_image src=&#8221;https:\/\/sky-bubbles.com\/wp-content\/uploads\/2023\/08\/image-064-1.jpg&#8221; title_text=&#8221;image-064&#8243; _builder_version=&#8221;4.21.0&#8243; _module_preset=&#8221;default&#8221; transform_scale=&#8221;138%|138%&#8221; transform_translate=&#8221;174px|-123px&#8221; border_radii=&#8221;on|100%|100%|100%|100%&#8221; global_colors_info=&#8221;{}&#8221;][\/et_pb_image][\/et_pb_column][\/et_pb_row][\/et_pb_section][et_pb_section fb_built=&#8221;1&#8243; disabled_on=&#8221;off|on|on&#8221; admin_label=&#8221;SM1&#8243; module_id=&#8221;manifiesto&#8221; _builder_version=&#8221;4.21.0&#8243; _module_preset=&#8221;default&#8221; background_enable_color=&#8221;off&#8221; background_image=&#8221;https:\/\/sky-bubbles.com\/wp-content\/uploads\/2023\/02\/nosotros-fons-scaled.jpg&#8221; positioning=&#8221;none&#8221; module_alignment=&#8221;center&#8221; overflow-x=&#8221;hidden&#8221; overflow-y=&#8221;hidden&#8221; custom_margin=&#8221;||||false|false&#8221; custom_padding=&#8221;||||false|false&#8221; hover_enabled=&#8221;0&#8243; collapsed=&#8221;on&#8221; global_colors_info=&#8221;{}&#8221; sticky_enabled=&#8221;0&#8243;][et_pb_row column_structure=&#8221;1_2,1_2&#8243; use_custom_gutter=&#8221;on&#8221; gutter_width=&#8221;4&#8243; _builder_version=&#8221;4.21.0&#8243; _module_preset=&#8221;default&#8221; positioning=&#8221;none&#8221; width=&#8221;95%&#8221; max_width=&#8221;2560px&#8221; hover_enabled=&#8221;0&#8243; global_colors_info=&#8221;{}&#8221; sticky_enabled=&#8221;0&#8243;][et_pb_column type=&#8221;1_2&#8243; _builder_version=&#8221;4.19.0&#8243; _module_preset=&#8221;default&#8221; custom_padding=&#8221;|40px||40px|false|false&#8221; global_colors_info=&#8221;{}&#8221;][et_pb_text _builder_version=&#8221;4.21.0&#8243; _module_preset=&#8221;default&#8221; text_font=&#8221;Montserrat|700|||||||&#8221; text_text_color=&#8221;#e5e5d4&#8243; text_font_size=&#8221;65px&#8221; text_line_height=&#8221;0.9em&#8221; header_font=&#8221;Montserrat|700|||||||&#8221; header_text_align=&#8221;left&#8221; header_text_color=&#8221;gcid-20d98ef4-ab36-4c54-9cdf-5d65772bfef6&#8243; header_font_size=&#8221;50px&#8221; header_line_height=&#8221;1.2em&#8221; header_2_font=&#8221;Montserrat|700|||||||&#8221; header_2_text_color=&#8221;gcid-20d98ef4-ab36-4c54-9cdf-5d65772bfef6&#8243; header_2_font_size=&#8221;65px&#8221; header_2_line_height=&#8221;1.2em&#8221; background_color=&#8221;RGBA(255,255,255,0)&#8221; custom_margin=&#8221;||0px|||&#8221; hover_enabled=&#8221;0&#8243; global_colors_info=&#8221;{%22gcid-20d98ef4-ab36-4c54-9cdf-5d65772bfef6%22:%91%22header_text_color%22,%22header_2_text_color%22%93}&#8221; content__hover_enabled=&#8221;off|desktop&#8221; content__hover=&#8221;<\/p>\n<h1>Parquet<\/h1>\n<p>&#8221; sticky_enabled=&#8221;0&#8243;]<\/p>\n<h1>Funda solar<\/h1>\n<p>[\/et_pb_text][et_pb_text _builder_version=&#8221;4.21.0&#8243; _module_preset=&#8221;default&#8221; text_font=&#8221;Playfair Display||on||||||&#8221; text_text_color=&#8221;gcid-d7f7799a-c52d-4f08-81e1-d8c0f9987516&#8243; text_font_size=&#8221;30px&#8221; text_line_height=&#8221;1em&#8221; background_color=&#8221;RGBA(255,255,255,0)&#8221; custom_margin=&#8221;||||false|false&#8221; custom_padding=&#8221;17px||||false|false&#8221; hover_enabled=&#8221;0&#8243; locked=&#8221;off&#8221; global_colors_info=&#8221;{%22gcid-d7f7799a-c52d-4f08-81e1-d8c0f9987516%22:%91%22text_text_color%22%93}&#8221; sticky_enabled=&#8221;0&#8243;]<\/p>\n<p>Confrot &amp; ahorro<\/p>\n<p>[\/et_pb_text][et_pb_divider show_divider=&#8221;off&#8221; _builder_version=&#8221;4.19.0&#8243; _module_preset=&#8221;default&#8221; custom_padding=&#8221;||36px|||&#8221; global_colors_info=&#8221;{}&#8221;][\/et_pb_divider][et_pb_text _builder_version=&#8221;4.21.0&#8243; _module_preset=&#8221;default&#8221; text_font=&#8221;Montserrat|700|||||||&#8221; text_text_color=&#8221;#e5e5d4&#8243; text_font_size=&#8221;21px&#8221; header_3_font=&#8221;Montserrat|700|||||||&#8221; header_3_text_color=&#8221;gcid-20d98ef4-ab36-4c54-9cdf-5d65772bfef6&#8243; header_3_font_size=&#8221;21px&#8221; header_3_line_height=&#8221;1.2em&#8221; background_color=&#8221;RGBA(255,255,255,0)&#8221; custom_margin=&#8221;||6px||false|false&#8221; global_colors_info=&#8221;{%22gcid-20d98ef4-ab36-4c54-9cdf-5d65772bfef6%22:%91%22header_3_text_color%22%93}&#8221;]<\/p>\n<p>A\u00fan no sabemos por qu\u00e9 est\u00e1 en el apartado de accesorios, ya que es absolutamente necesaria. Quiz\u00e1s porque &#8220;otros&#8221; no la ofrecen o no les importa el material y la fabricaci\u00f3n de este imprescindible. Sin la funda solar el interior de la bubble puede alcanzar los 70\u00baC en verano, con una funda convencional se pueden rebajar 15\u00baC y con el tejido que hemos desarrollado especialmente para este uso hemos conseguido rebajar otros 15\u00baC. El ahorro en la factura de 3 meses de climatizaci\u00f3n ya pagan este accesorio.<\/p>\n<p>Caracter\u00edsticas principales:<\/p>\n<p>&nbsp;<\/p>\n<ul>\n<li>Tejido reflectante del 98,5% de los rayos UV e infrarrojos<\/li>\n<li>Modelo est\u00e1ndar y de cubrici\u00f3n total<\/li>\n<\/ul>\n<p>[\/et_pb_text][\/et_pb_column][et_pb_column type=&#8221;1_2&#8243; _builder_version=&#8221;4.19.4&#8243; _module_preset=&#8221;default&#8221; global_colors_info=&#8221;{}&#8221;][et_pb_image src=&#8221;https:\/\/sky-bubbles.com\/wp-content\/uploads\/2023\/08\/image-064-1.jpg&#8221; _builder_version=&#8221;4.21.0&#8243; _module_preset=&#8221;default&#8221; title_text=&#8221;image-064&#8243; hover_enabled=&#8221;0&#8243; sticky_enabled=&#8221;0&#8243; force_fullwidth=&#8221;on&#8221;][\/et_pb_image][\/et_pb_column][\/et_pb_row][\/et_pb_section]<\/p>\n","protected":false},"excerpt":{"rendered":"<p>Funda solarConfrot &#038; ahorroA\u00fan no sabemos por qu\u00e9 est\u00e1 en el apartado de accesorios, ya que es absolutamente necesaria. Quiz\u00e1s porque &#8220;otros&#8221; no la ofrecen o no les importa el material y la fabricaci\u00f3n de este imprescindible. Sin la funda solar el interior de la bubble puede alcanzar los 70\u00baC en verano, con una funda [&hellip;]<\/p>\n","protected":false},"author":1,"featured_media":0,"parent":248452,"menu_order":0,"comment_status":"closed","ping_status":"closed","template":"","meta":{"_et_pb_use_builder":"on","_et_pb_old_content":"","_et_gb_content_width":"","_monsterinsights_skip_tracking":false,"_monsterinsights_sitenote_active":false,"_monsterinsights_sitenote_note":"","_monsterinsights_sitenote_category":0,"footnotes":""},"class_list":["post-251730","page","type-page","status-publish","hentry"],"aioseo_notices":[],"_links":{"self":[{"href":"https:\/\/sky-bubbles.com\/es\/wp-json\/wp\/v2\/pages\/251730","targetHints":{"allow":["GET"]}}],"collection":[{"href":"https:\/\/sky-bubbles.com\/es\/wp-json\/wp\/v2\/pages"}],"about":[{"href":"https:\/\/sky-bubbles.com\/es\/wp-json\/wp\/v2\/types\/page"}],"author":[{"embeddable":true,"href":"https:\/\/sky-bubbles.com\/es\/wp-json\/wp\/v2\/users\/1"}],"replies":[{"embeddable":true,"href":"https:\/\/sky-bubbles.com\/es\/wp-json\/wp\/v2\/comments?post=251730"}],"version-history":[{"count":6,"href":"https:\/\/sky-bubbles.com\/es\/wp-json\/wp\/v2\/pages\/251730\/revisions"}],"predecessor-version":[{"id":251784,"href":"https:\/\/sky-bubbles.com\/es\/wp-json\/wp\/v2\/pages\/251730\/revisions\/251784"}],"up":[{"embeddable":true,"href":"https:\/\/sky-bubbles.com\/es\/wp-json\/wp\/v2\/pages\/248452"}],"wp:attachment":[{"href":"https:\/\/sky-bubbles.com\/es\/wp-json\/wp\/v2\/media?parent=251730"}],"curies":[{"name":"wp","href":"https:\/\/api.w.org\/{rel}","templated":true}]}}