{"id":249927,"date":"2023-03-12T09:23:22","date_gmt":"2023-03-12T09:23:22","guid":{"rendered":"https:\/\/sky-bubbles.com\/?page_id=249927"},"modified":"2023-03-12T09:54:19","modified_gmt":"2023-03-12T09:54:19","slug":"transporte-de-una-burbuja","status":"publish","type":"page","link":"https:\/\/sky-bubbles.com\/es\/transporte-de-una-burbuja\/","title":{"rendered":"Transporte de una Burbuja"},"content":{"rendered":"<p>[et_pb_section fb_built=&#8221;1&#8243; _builder_version=&#8221;4.20.0&#8243; _module_preset=&#8221;default&#8221; background_color=&#8221;gcid-20d98ef4-ab36-4c54-9cdf-5d65772bfef6&#8243; global_colors_info=&#8221;{%22gcid-20d98ef4-ab36-4c54-9cdf-5d65772bfef6%22:%91%22background_color%22%93}&#8221;][et_pb_row _builder_version=&#8221;4.20.0&#8243; _module_preset=&#8221;default&#8221; width=&#8221;90%&#8221; max_width=&#8221;2560px&#8221; global_colors_info=&#8221;{}&#8221;][et_pb_column type=&#8221;4_4&#8243; _builder_version=&#8221;4.20.0&#8243; _module_preset=&#8221;default&#8221; global_colors_info=&#8221;{}&#8221;][et_pb_text _builder_version=&#8221;4.20.0&#8243; _module_preset=&#8221;default&#8221; text_font=&#8221;Montserrat|700|||||||&#8221; text_text_color=&#8221;#333333&#8243; text_font_size=&#8221;65px&#8221; header_font=&#8221;Montserrat|700|||||||&#8221; header_text_align=&#8221;left&#8221; header_text_color=&#8221;#333333&#8243; header_font_size=&#8221;65px&#8221; custom_margin=&#8221;||37px|||&#8221; hover_enabled=&#8221;0&#8243; global_colors_info=&#8221;{}&#8221; header_font_size_last_edited=&#8221;on|phone&#8221; sticky_enabled=&#8221;0&#8243; header_font_size_phone=&#8221;35px&#8221; header_font_size_tablet=&#8221;65px&#8221;]<\/p>\n<h1>Transporte de una Burbuja<\/h1>\n<p>[\/et_pb_text][\/et_pb_column][\/et_pb_row][et_pb_row column_structure=&#8221;2_3,1_3&#8243; _builder_version=&#8221;4.20.0&#8243; _module_preset=&#8221;default&#8221; width=&#8221;90%&#8221; max_width=&#8221;2560px&#8221; global_colors_info=&#8221;{}&#8221;][et_pb_column type=&#8221;2_3&#8243; _builder_version=&#8221;4.20.0&#8243; _module_preset=&#8221;default&#8221; global_colors_info=&#8221;{}&#8221;][et_pb_accordion open_toggle_background_color=&#8221;RGBA(255,255,255,0)&#8221; closed_toggle_background_color=&#8221;RGBA(255,255,255,0)&#8221; toggle_icon=&#8221;&#x3d;||divi||400&#8243; icon_color=&#8221;#333333&#8243; _builder_version=&#8221;4.20.0&#8243; _module_preset=&#8221;default&#8221; toggle_level=&#8221;h2&#8243; toggle_font=&#8221;Barlow||||||||&#8221; toggle_font_size=&#8221;22px&#8221; body_font=&#8221;Barlow||||||||&#8221; background_color=&#8221;RGBA(255,255,255,0)&#8221; custom_margin=&#8221;||||false|false&#8221; custom_css_toggle=&#8221;margin-bottom: 0px !important;&#8221; border_width_all=&#8221;0px&#8221; global_colors_info=&#8221;{}&#8221;][et_pb_accordion_item title=&#8221;\u00bfQuien se encarga del transporte?&#8221; open=&#8221;on&#8221; icon_color=&#8221;#333333&#8243; toggle_icon=&#8221;&#x3d;||divi||400&#8243; _builder_version=&#8221;4.20.0&#8243; _module_preset=&#8221;default&#8221; global_colors_info=&#8221;{}&#8221; toggle_level=&#8221;h2&#8243; toggle_font=&#8221;||||||||&#8221;]En la mayor\u00eda de las ocasiones nosotros nos encargamos del transporte. Hemos enviado productos a los 5 continentes. Nuestros colaboradores en transporte son de m\u00e1xima fiabilidad. Aunque no tenemos inconveniente en que sea el cliente quien organice el transporte recogiendo en f\u00e1brica o en puerto o aeropuerto de Barcelona.[\/et_pb_accordion_item][et_pb_accordion_item title=&#8221;\u00bfEs muy caro el coste del transporte?&#8221; icon_color=&#8221;#333333&#8243; toggle_icon=&#8221;&#x3d;||divi||400&#8243; _builder_version=&#8221;4.20.0&#8243; _module_preset=&#8221;default&#8221; global_colors_info=&#8221;{}&#8221; toggle_level=&#8221;h2&#8243; toggle_font=&#8221;||||||||&#8221; open=&#8221;off&#8221;]Todos los elementos que componen una burbuja est\u00e1n pensados para enviar a todas partes del mundo y est\u00e1n dise\u00f1ados con medidas y modulaciones adecuadas para que el packaging sea el m\u00e1ximo compacto posible. El coste depender\u00e1 de la distancia, el n\u00famero de burbujas contratadas y la urgencia del transporte.[\/et_pb_accordion_item][\/et_pb_accordion][\/et_pb_column][et_pb_column type=&#8221;1_3&#8243; _builder_version=&#8221;4.20.0&#8243; _module_preset=&#8221;default&#8221; global_colors_info=&#8221;{}&#8221;][et_pb_text _builder_version=&#8221;4.20.0&#8243; _dynamic_attributes=&#8221;link_option_url&#8221; _module_preset=&#8221;default&#8221; text_font=&#8221;Montserrat|600|||||||&#8221; text_text_color=&#8221;#333333&#8243; text_font_size=&#8221;22px&#8221; text_line_height=&#8221;1.2em&#8221; link_option_url=&#8221;@ET-DC@eyJkeW5hbWljIjp0cnVlLCJjb250ZW50IjoicG9zdF9saW5rX3VybF9wYWdlIiwic2V0dGluZ3MiOnsicG9zdF9pZCI6IjI0OTg4NCJ9fQ==@&#8221; locked=&#8221;off&#8221; global_colors_info=&#8221;{}&#8221;]<\/p>\n<p>El Negocio de las Burbujas<\/p>\n<p>[\/et_pb_text][et_pb_text _builder_version=&#8221;4.20.0&#8243; _dynamic_attributes=&#8221;link_option_url&#8221; _module_preset=&#8221;default&#8221; text_font=&#8221;Montserrat|600|||||||&#8221; text_text_color=&#8221;#333333&#8243; text_font_size=&#8221;22px&#8221; text_line_height=&#8221;1.2em&#8221; link_option_url=&#8221;@ET-DC@eyJkeW5hbWljIjp0cnVlLCJjb250ZW50IjoicG9zdF9saW5rX3VybF9wYWdlIiwic2V0dGluZ3MiOnsicG9zdF9pZCI6IjI0OTkwNiJ9fQ==@&#8221; locked=&#8221;off&#8221; global_colors_info=&#8221;{}&#8221;]<\/p>\n<p>La Fabricaci\u00f3n de las SkyBubbles<\/p>\n<p>[\/et_pb_text][et_pb_text _builder_version=&#8221;4.20.0&#8243; _dynamic_attributes=&#8221;link_option_url&#8221; _module_preset=&#8221;default&#8221; text_font=&#8221;Montserrat|600|||||||&#8221; text_text_color=&#8221;#333333&#8243; text_font_size=&#8221;22px&#8221; text_line_height=&#8221;1.2em&#8221; link_option_url=&#8221;@ET-DC@eyJkeW5hbWljIjp0cnVlLCJjb250ZW50IjoicG9zdF9saW5rX3VybF9wYWdlIiwic2V0dGluZ3MiOnsicG9zdF9pZCI6IjI0OTkwOSJ9fQ==@&#8221; locked=&#8221;off&#8221; global_colors_info=&#8221;{}&#8221;]<\/p>\n<p>Instalaci\u00f3n<\/p>\n<p>[\/et_pb_text][et_pb_text _builder_version=&#8221;4.20.0&#8243; _dynamic_attributes=&#8221;link_option_url&#8221; _module_preset=&#8221;default&#8221; text_font=&#8221;Montserrat|600|||||||&#8221; text_text_color=&#8221;#333333&#8243; text_font_size=&#8221;22px&#8221; text_line_height=&#8221;1.2em&#8221; link_option_url=&#8221;@ET-DC@eyJkeW5hbWljIjp0cnVlLCJjb250ZW50IjoicG9zdF9saW5rX3VybF9wYWdlIiwic2V0dGluZ3MiOnsicG9zdF9pZCI6IjI0OTkxMiJ9fQ==@&#8221; locked=&#8221;off&#8221; global_colors_info=&#8221;{}&#8221;]<\/p>\n<p>Consumo Energ\u00e9tico<\/p>\n<p>[\/et_pb_text][et_pb_text _builder_version=&#8221;4.20.0&#8243; _dynamic_attributes=&#8221;link_option_url&#8221; _module_preset=&#8221;default&#8221; text_font=&#8221;Montserrat|600|||||||&#8221; text_text_color=&#8221;#333333&#8243; text_font_size=&#8221;22px&#8221; text_line_height=&#8221;1.2em&#8221; link_option_url=&#8221;@ET-DC@eyJkeW5hbWljIjp0cnVlLCJjb250ZW50IjoicG9zdF9saW5rX3VybF9wYWdlIiwic2V0dGluZ3MiOnsicG9zdF9pZCI6IjI0OTkxNSJ9fQ==@&#8221; locked=&#8221;off&#8221; global_colors_info=&#8221;{}&#8221;]<\/p>\n<p>Climatizaci\u00f3n de una Burbuja<\/p>\n<p>[\/et_pb_text][et_pb_text _builder_version=&#8221;4.20.0&#8243; _dynamic_attributes=&#8221;link_option_url&#8221; _module_preset=&#8221;default&#8221; text_font=&#8221;Montserrat|600|||||||&#8221; text_text_color=&#8221;#333333&#8243; text_font_size=&#8221;22px&#8221; text_line_height=&#8221;1.2em&#8221; link_option_url=&#8221;@ET-DC@eyJkeW5hbWljIjp0cnVlLCJjb250ZW50IjoicG9zdF9saW5rX3VybF9wYWdlIiwic2V0dGluZ3MiOnsicG9zdF9pZCI6IjI0OTkxOCJ9fQ==@&#8221; locked=&#8221;off&#8221; global_colors_info=&#8221;{}&#8221;]<\/p>\n<p>Preguntas de Mantenimiento<\/p>\n<p>[\/et_pb_text][et_pb_text _builder_version=&#8221;4.20.0&#8243; _dynamic_attributes=&#8221;link_option_url&#8221; _module_preset=&#8221;default&#8221; text_font=&#8221;Montserrat|600|||||||&#8221; text_text_color=&#8221;#333333&#8243; text_font_size=&#8221;22px&#8221; text_line_height=&#8221;1.2em&#8221; link_option_url=&#8221;@ET-DC@eyJkeW5hbWljIjp0cnVlLCJjb250ZW50IjoicG9zdF9saW5rX3VybF9wYWdlIiwic2V0dGluZ3MiOnsicG9zdF9pZCI6IjI0OTkyMSJ9fQ==@&#8221; locked=&#8221;off&#8221; global_colors_info=&#8221;{}&#8221;]<\/p>\n<p>Preguntas de Seguridad<\/p>\n<p>[\/et_pb_text][et_pb_text _builder_version=&#8221;4.20.0&#8243; _dynamic_attributes=&#8221;link_option_url&#8221; _module_preset=&#8221;default&#8221; text_font=&#8221;Montserrat|600|||||||&#8221; text_text_color=&#8221;#333333&#8243; text_font_size=&#8221;22px&#8221; text_line_height=&#8221;1.2em&#8221; link_option_url=&#8221;@ET-DC@eyJkeW5hbWljIjp0cnVlLCJjb250ZW50IjoicG9zdF9saW5rX3VybF9wYWdlIiwic2V0dGluZ3MiOnsicG9zdF9pZCI6IjI0OTkyNCJ9fQ==@&#8221; locked=&#8221;off&#8221; global_colors_info=&#8221;{}&#8221;]<\/p>\n<p>Sensaciones dentro de la Burbuja<\/p>\n<p>[\/et_pb_text][et_pb_text _builder_version=&#8221;4.20.0&#8243; _dynamic_attributes=&#8221;link_option_url&#8221; _module_preset=&#8221;default&#8221; text_font=&#8221;Montserrat|600|||||||&#8221; text_text_color=&#8221;#333333&#8243; text_font_size=&#8221;22px&#8221; text_line_height=&#8221;1.2em&#8221; link_option_url=&#8221;@ET-DC@eyJkeW5hbWljIjp0cnVlLCJjb250ZW50IjoicG9zdF9saW5rX3VybF9wYWdlIiwic2V0dGluZ3MiOnsicG9zdF9pZCI6IjI0OTkyNyJ9fQ==@&#8221; locked=&#8221;off&#8221; global_colors_info=&#8221;{}&#8221;]<\/p>\n<p>Transporte de una Burbuja<\/p>\n<p>[\/et_pb_text][et_pb_text _builder_version=&#8221;4.20.0&#8243; _dynamic_attributes=&#8221;link_option_url&#8221; _module_preset=&#8221;default&#8221; text_font=&#8221;Montserrat|600|||||||&#8221; text_text_color=&#8221;#333333&#8243; text_font_size=&#8221;22px&#8221; text_line_height=&#8221;1.2em&#8221; link_option_url=&#8221;@ET-DC@eyJkeW5hbWljIjp0cnVlLCJjb250ZW50IjoicG9zdF9saW5rX3VybF9wYWdlIiwic2V0dGluZ3MiOnsicG9zdF9pZCI6IjI0OTkzMCJ9fQ==@&#8221; locked=&#8221;off&#8221; global_colors_info=&#8221;{}&#8221;]<\/p>\n<p>Construcci\u00f3n y los cambios en las Burbujas<\/p>\n<p>[\/et_pb_text][\/et_pb_column][\/et_pb_row][\/et_pb_section]<\/p>\n","protected":false},"excerpt":{"rendered":"<p>Transporte de una BurbujaEn la mayor\u00eda de las ocasiones nosotros nos encargamos del transporte. Hemos enviado productos a los 5 continentes. Nuestros colaboradores en transporte son de m\u00e1xima fiabilidad. Aunque no tenemos inconveniente en que sea el cliente quien organice el transporte recogiendo en f\u00e1brica o en puerto o aeropuerto de Barcelona.Todos los elementos que [&hellip;]<\/p>\n","protected":false},"author":1,"featured_media":0,"parent":0,"menu_order":0,"comment_status":"closed","ping_status":"closed","template":"","meta":{"_et_pb_use_builder":"on","_et_pb_old_content":"","_et_gb_content_width":"","_monsterinsights_skip_tracking":false,"_monsterinsights_sitenote_active":false,"_monsterinsights_sitenote_note":"","_monsterinsights_sitenote_category":0,"footnotes":""},"class_list":["post-249927","page","type-page","status-publish","hentry"],"aioseo_notices":[],"_links":{"self":[{"href":"https:\/\/sky-bubbles.com\/es\/wp-json\/wp\/v2\/pages\/249927","targetHints":{"allow":["GET"]}}],"collection":[{"href":"https:\/\/sky-bubbles.com\/es\/wp-json\/wp\/v2\/pages"}],"about":[{"href":"https:\/\/sky-bubbles.com\/es\/wp-json\/wp\/v2\/types\/page"}],"author":[{"embeddable":true,"href":"https:\/\/sky-bubbles.com\/es\/wp-json\/wp\/v2\/users\/1"}],"replies":[{"embeddable":true,"href":"https:\/\/sky-bubbles.com\/es\/wp-json\/wp\/v2\/comments?post=249927"}],"version-history":[{"count":4,"href":"https:\/\/sky-bubbles.com\/es\/wp-json\/wp\/v2\/pages\/249927\/revisions"}],"predecessor-version":[{"id":249966,"href":"https:\/\/sky-bubbles.com\/es\/wp-json\/wp\/v2\/pages\/249927\/revisions\/249966"}],"wp:attachment":[{"href":"https:\/\/sky-bubbles.com\/es\/wp-json\/wp\/v2\/media?parent=249927"}],"curies":[{"name":"wp","href":"https:\/\/api.w.org\/{rel}","templated":true}]}}