{"id":230723,"date":"2022-12-09T06:55:46","date_gmt":"2022-12-09T06:55:46","guid":{"rendered":"https:\/\/design.sky-bubbles.com\/?page_id=230723"},"modified":"2024-09-11T08:38:43","modified_gmt":"2024-09-11T08:38:43","slug":"futuro","status":"publish","type":"page","link":"https:\/\/sky-bubbles.com\/es\/futuro\/","title":{"rendered":"Futuro"},"content":{"rendered":"<p>[et_pb_section fb_built=&#8221;1&#8243; disabled_on=&#8221;on|off|off&#8221; admin_label=&#8221;PC1&#8243; _builder_version=&#8221;4.19.4&#8243; _module_preset=&#8221;default&#8221; background_color=&#8221;#9d9d9d&#8221; background_enable_image=&#8221;off&#8221; positioning=&#8221;none&#8221; module_alignment=&#8221;center&#8221; overflow-x=&#8221;hidden&#8221; overflow-y=&#8221;hidden&#8221; custom_margin=&#8221;-47px|||||&#8221; custom_padding=&#8221;1px|||||&#8221; custom_css_main_element=&#8221;display: flex;||flex-direction: column;||justify-content: center;&#8221; da_disable_devices=&#8221;off|off|off&#8221; collapsed=&#8221;off&#8221; global_colors_info=&#8221;{}&#8221; da_is_popup=&#8221;off&#8221; da_exit_intent=&#8221;off&#8221; da_has_close=&#8221;on&#8221; da_alt_close=&#8221;off&#8221; da_dark_close=&#8221;off&#8221; da_not_modal=&#8221;on&#8221; da_is_singular=&#8221;off&#8221; da_with_loader=&#8221;off&#8221; da_has_shadow=&#8221;on&#8221;][et_pb_row use_custom_gutter=&#8221;on&#8221; _builder_version=&#8221;4.19.0&#8243; _module_preset=&#8221;default&#8221; width=&#8221;90%&#8221; max_width=&#8221;2560px&#8221; custom_padding=&#8221;||0px|||&#8221; global_colors_info=&#8221;{}&#8221;][et_pb_column type=&#8221;4_4&#8243; _builder_version=&#8221;4.19.0&#8243; _module_preset=&#8221;default&#8221; custom_padding=&#8221;|40px||40px|false|false&#8221; global_colors_info=&#8221;{}&#8221;][et_pb_text _builder_version=&#8221;4.21.0&#8243; _module_preset=&#8221;default&#8221; text_font=&#8221;Montserrat|700|||||||&#8221; text_text_color=&#8221;#333333&#8243; text_font_size=&#8221;65px&#8221; text_line_height=&#8221;1.1em&#8221; background_color=&#8221;RGBA(255,255,255,0)&#8221; z_index=&#8221;150&#8243; custom_margin=&#8221;68px||8px||false|false&#8221; global_colors_info=&#8221;{}&#8221;]Nuestra visi\u00f3n.<br \/>\nNuestro compromiso.[\/et_pb_text][et_pb_text _builder_version=&#8221;4.21.0&#8243; _module_preset=&#8221;default&#8221; text_font=&#8221;Playfair Display||on||||||&#8221; text_text_color=&#8221;#f1f1df&#8221; text_font_size=&#8221;65px&#8221; text_line_height=&#8221;1.1em&#8221; header_font=&#8221;Playfair Display|500|on||||||&#8221; header_text_align=&#8221;left&#8221; header_text_color=&#8221;gcid-20d98ef4-ab36-4c54-9cdf-5d65772bfef6&#8243; header_font_size=&#8221;65px&#8221; header_line_height=&#8221;1.2em&#8221; background_color=&#8221;RGBA(255,255,255,0)&#8221; custom_margin=&#8221;||-6px|||&#8221; global_colors_info=&#8221;{%22gcid-20d98ef4-ab36-4c54-9cdf-5d65772bfef6%22:%91%22header_text_color%22%93}&#8221;]<\/p>\n<h1>Futuro<\/h1>\n<p>[\/et_pb_text][\/et_pb_column][\/et_pb_row][et_pb_row column_structure=&#8221;1_2,1_2&#8243; use_custom_gutter=&#8221;on&#8221; make_equal=&#8221;on&#8221; _builder_version=&#8221;4.19.0&#8243; _module_preset=&#8221;default&#8221; width=&#8221;90%&#8221; max_width=&#8221;2560px&#8221; global_colors_info=&#8221;{}&#8221;][et_pb_column type=&#8221;1_2&#8243; _builder_version=&#8221;4.19.0&#8243; _module_preset=&#8221;default&#8221; custom_padding=&#8221;|40px||40px|false|false&#8221; custom_css_main_element=&#8221;align-self: center;&#8221; global_colors_info=&#8221;{}&#8221;][et_pb_text _builder_version=&#8221;4.21.0&#8243; _module_preset=&#8221;default&#8221; text_font=&#8221;Montserrat|700|||||||&#8221; text_text_color=&#8221;#333333&#8243; text_font_size=&#8221;35px&#8221; header_2_font=&#8221;Montserrat|700|||||||&#8221; header_2_font_size=&#8221;35px&#8221; header_2_line_height=&#8221;1.2em&#8221; background_color=&#8221;RGBA(255,255,255,0)&#8221; custom_margin=&#8221;||6px|80px|false|false&#8221; global_colors_info=&#8221;{}&#8221;]<\/p>\n<h2>Innovaci\u00f3n.<\/h2>\n<p>[\/et_pb_text][et_pb_text _builder_version=&#8221;4.21.0&#8243; _module_preset=&#8221;default&#8221; text_font=&#8221;Barlow|500|||||||&#8221; text_text_color=&#8221;#333333&#8243; text_line_height=&#8221;1.2em&#8221; background_color=&#8221;RGBA(255,255,255,0)&#8221; width=&#8221;65%&#8221; custom_margin=&#8221;|80px||80px|false|false&#8221; custom_padding=&#8221;19px|||||&#8221; global_colors_info=&#8221;{}&#8221;]<\/p>\n<p>Para nosotros la innovaci\u00f3n es una actitud que reside en la creatividad, en buscar siempre la forma m\u00e1s eficiente y efectiva de mejorar aquello que hacemos y creamos. Desde el dise\u00f1o al montaje, desde la estructura hasta la decoraci\u00f3n. La innovaci\u00f3n nos define, est\u00e1 en nuestro ADN y en nuestra manera de entender este mundo y lo seguir\u00e1 siendo siempre.<\/p>\n<p>[\/et_pb_text][et_pb_image src=&#8221;https:\/\/sky-bubbles.com\/wp-content\/uploads\/2023\/02\/elipse-white.png&#8221; title_text=&#8221;elipse-white&#8221; _builder_version=&#8221;4.19.4&#8243; _module_preset=&#8221;default&#8221; transform_scale=&#8221;184%|184%&#8221; transform_translate=&#8221;-75px|-129px&#8221; positioning=&#8221;absolute&#8221; z_index=&#8221;100&#8243; width=&#8221;100%&#8221; global_colors_info=&#8221;{}&#8221;][\/et_pb_image][\/et_pb_column][et_pb_column type=&#8221;1_2&#8243; _builder_version=&#8221;4.19.0&#8243; _module_preset=&#8221;default&#8221; global_colors_info=&#8221;{}&#8221;][et_pb_image src=&#8221;https:\/\/sky-bubbles.com\/wp-content\/uploads\/2023\/03\/innovacion.png&#8221; title_text=&#8221;innovacion&#8221; _builder_version=&#8221;4.20.0&#8243; _module_preset=&#8221;default&#8221; width=&#8221;75%&#8221; custom_margin=&#8221;||||false|false&#8221; global_colors_info=&#8221;{}&#8221;][\/et_pb_image][et_pb_divider show_divider=&#8221;off&#8221; _builder_version=&#8221;4.19.4&#8243; _module_preset=&#8221;default&#8221; global_colors_info=&#8221;{}&#8221;][\/et_pb_divider][\/et_pb_column][\/et_pb_row][\/et_pb_section][et_pb_section fb_built=&#8221;1&#8243; disabled_on=&#8221;on|off|off&#8221; admin_label=&#8221;PC2&#8243; _builder_version=&#8221;4.19.4&#8243; _module_preset=&#8221;default&#8221; background_color=&#8221;#afa59a&#8221; background_enable_image=&#8221;off&#8221; positioning=&#8221;none&#8221; module_alignment=&#8221;center&#8221; min_height=&#8221;100vh&#8221; height=&#8221;100vh&#8221; max_height=&#8221;100vh&#8221; overflow-x=&#8221;hidden&#8221; overflow-y=&#8221;hidden&#8221; custom_margin=&#8221;-47px|||||&#8221; custom_css_main_element=&#8221;display: flex;||flex-direction: column;||justify-content: center;&#8221; da_disable_devices=&#8221;off|off|off&#8221; collapsed=&#8221;off&#8221; global_colors_info=&#8221;{}&#8221; da_is_popup=&#8221;off&#8221; da_exit_intent=&#8221;off&#8221; da_has_close=&#8221;on&#8221; da_alt_close=&#8221;off&#8221; da_dark_close=&#8221;off&#8221; da_not_modal=&#8221;on&#8221; da_is_singular=&#8221;off&#8221; da_with_loader=&#8221;off&#8221; da_has_shadow=&#8221;on&#8221;][et_pb_row column_structure=&#8221;1_2,1_2&#8243; use_custom_gutter=&#8221;on&#8221; make_equal=&#8221;on&#8221; _builder_version=&#8221;4.19.4&#8243; _module_preset=&#8221;default&#8221; positioning=&#8221;none&#8221; width=&#8221;90%&#8221; max_width=&#8221;2560px&#8221; global_colors_info=&#8221;{}&#8221;][et_pb_column type=&#8221;1_2&#8243; _builder_version=&#8221;4.19.0&#8243; _module_preset=&#8221;default&#8221; custom_padding=&#8221;|40px||40px|false|false&#8221; custom_css_main_element=&#8221;align-self: center;&#8221; global_colors_info=&#8221;{}&#8221;][et_pb_image src=&#8221;https:\/\/sky-bubbles.com\/wp-content\/uploads\/2023\/01\/futuro-belleza-sq.png&#8221; title_text=&#8221;futuro-belleza-sq&#8221; align=&#8221;center&#8221; _builder_version=&#8221;4.19.4&#8243; _module_preset=&#8221;default&#8221; width=&#8221;75%&#8221; border_radii=&#8221;on|50%|50%|50%|50%&#8221; global_colors_info=&#8221;{}&#8221;][\/et_pb_image][\/et_pb_column][et_pb_column type=&#8221;1_2&#8243; _builder_version=&#8221;4.19.0&#8243; _module_preset=&#8221;default&#8221; custom_css_main_element=&#8221;align-self: center;&#8221; global_colors_info=&#8221;{}&#8221;][et_pb_text _builder_version=&#8221;4.21.0&#8243; _module_preset=&#8221;default&#8221; text_font=&#8221;Montserrat|700|||||||&#8221; text_text_color=&#8221;#333333&#8243; text_font_size=&#8221;35px&#8221; header_2_font=&#8221;Montserrat|700|||||||&#8221; header_2_font_size=&#8221;35px&#8221; background_color=&#8221;RGBA(255,255,255,0)&#8221; custom_margin=&#8221;||6px|80px|false|false&#8221; global_colors_info=&#8221;{}&#8221;]<\/p>\n<h2>Belleza.<\/h2>\n<p>[\/et_pb_text][et_pb_text _builder_version=&#8221;4.21.0&#8243; _module_preset=&#8221;default&#8221; text_font=&#8221;Barlow|500|||||||&#8221; text_text_color=&#8221;#333333&#8243; text_line_height=&#8221;1.2em&#8221; background_color=&#8221;RGBA(255,255,255,0)&#8221; width=&#8221;58%&#8221; custom_margin=&#8221;|80px||80px|false|false&#8221; custom_padding=&#8221;19px|||||&#8221; global_colors_info=&#8221;{}&#8221;]La musa que perseguimos y perseguiremos de forma incansable, la cualidad que da sentido a todo lo que dise\u00f1amos y creamos, nos adaptaremos a los tiempos, abrazaremos nuevas tecnolog\u00edas y acogeremos nuevos conceptos, pero para ello nunca renunciaremos a la belleza para hacer aquello que hacemos.[\/et_pb_text][\/et_pb_column][\/et_pb_row][\/et_pb_section][et_pb_section fb_built=&#8221;1&#8243; disabled_on=&#8221;on|off|off&#8221; admin_label=&#8221;PC3&#8243; _builder_version=&#8221;4.19.4&#8243; _module_preset=&#8221;default&#8221; background_color=&#8221;#333333&#8243; background_enable_image=&#8221;off&#8221; positioning=&#8221;none&#8221; module_alignment=&#8221;center&#8221; min_height=&#8221;100vh&#8221; height=&#8221;100vh&#8221; max_height=&#8221;100vh&#8221; overflow-x=&#8221;hidden&#8221; overflow-y=&#8221;hidden&#8221; custom_margin=&#8221;-47px|||||&#8221; custom_css_main_element=&#8221;display: flex;||flex-direction: column;||justify-content: center;&#8221; da_disable_devices=&#8221;off|off|off&#8221; collapsed=&#8221;off&#8221; global_colors_info=&#8221;{}&#8221; da_is_popup=&#8221;off&#8221; da_exit_intent=&#8221;off&#8221; da_has_close=&#8221;on&#8221; da_alt_close=&#8221;off&#8221; da_dark_close=&#8221;off&#8221; da_not_modal=&#8221;on&#8221; da_is_singular=&#8221;off&#8221; da_with_loader=&#8221;off&#8221; da_has_shadow=&#8221;on&#8221;][et_pb_row column_structure=&#8221;1_2,1_2&#8243; use_custom_gutter=&#8221;on&#8221; make_equal=&#8221;on&#8221; _builder_version=&#8221;4.19.0&#8243; _module_preset=&#8221;default&#8221; width=&#8221;90%&#8221; max_width=&#8221;2560px&#8221; global_colors_info=&#8221;{}&#8221;][et_pb_column type=&#8221;1_2&#8243; _builder_version=&#8221;4.19.0&#8243; _module_preset=&#8221;default&#8221; custom_padding=&#8221;|40px||40px|false|false&#8221; custom_css_main_element=&#8221;align-self: center;&#8221; global_colors_info=&#8221;{}&#8221;][et_pb_text _builder_version=&#8221;4.21.0&#8243; _module_preset=&#8221;default&#8221; text_font=&#8221;Montserrat|700|||||||&#8221; text_text_color=&#8221;#f1f1df&#8221; text_font_size=&#8221;35px&#8221; header_2_font=&#8221;Montserrat|700|||||||&#8221; header_2_text_color=&#8221;gcid-20d98ef4-ab36-4c54-9cdf-5d65772bfef6&#8243; header_2_font_size=&#8221;35px&#8221; header_2_line_height=&#8221;1.2em&#8221; background_color=&#8221;RGBA(255,255,255,0)&#8221; custom_margin=&#8221;||6px|80px|false|false&#8221; global_colors_info=&#8221;{%22gcid-20d98ef4-ab36-4c54-9cdf-5d65772bfef6%22:%91%22header_2_text_color%22%93}&#8221;]<\/p>\n<h2>Confort.<\/h2>\n<p>[\/et_pb_text][et_pb_text _builder_version=&#8221;4.21.0&#8243; _module_preset=&#8221;default&#8221; text_font=&#8221;Barlow|500|||||||&#8221; text_text_color=&#8221;#f1f1df&#8221; text_line_height=&#8221;1.2em&#8221; background_color=&#8221;RGBA(255,255,255,0)&#8221; width=&#8221;58%&#8221; custom_margin=&#8221;|80px||80px|false|false&#8221; custom_padding=&#8221;19px|||||&#8221; global_colors_info=&#8221;{}&#8221;]Entendemos el confort como una consecuencia: dise\u00f1ar y crear estancias innovadoras y bellas implica que sean confortables, sino no son ni innovadoras ni bellas. Las expectativas que se depositan en nuestras SKB van \u00edntimamente ligadas al confort; no solo lo sabemos, sino que trabajamos cada d\u00eda para superarlas.[\/et_pb_text][\/et_pb_column][et_pb_column type=&#8221;1_2&#8243; _builder_version=&#8221;4.19.0&#8243; _module_preset=&#8221;default&#8221; global_colors_info=&#8221;{}&#8221;][et_pb_image src=&#8221;https:\/\/sky-bubbles.com\/wp-content\/uploads\/2023\/01\/futuro-confort-sq.png&#8221; title_text=&#8221;futuro-confort-sq&#8221; align=&#8221;center&#8221; _builder_version=&#8221;4.19.4&#8243; _module_preset=&#8221;default&#8221; position_origin_r=&#8221;bottom_left&#8221; z_index=&#8221;50&#8243; width=&#8221;75%&#8221; border_radii=&#8221;on|50%|50%|50%|50%&#8221; global_colors_info=&#8221;{}&#8221;][\/et_pb_image][\/et_pb_column][\/et_pb_row][\/et_pb_section][et_pb_section fb_built=&#8221;1&#8243; disabled_on=&#8221;off|on|on&#8221; admin_label=&#8221;SM1&#8243; _builder_version=&#8221;4.19.4&#8243; _module_preset=&#8221;default&#8221; background_color=&#8221;#9d9d9d&#8221; background_enable_image=&#8221;off&#8221; positioning=&#8221;none&#8221; module_alignment=&#8221;center&#8221; overflow-x=&#8221;hidden&#8221; overflow-y=&#8221;hidden&#8221; custom_margin=&#8221;||||false|false&#8221; custom_padding=&#8221;||||false|false&#8221; custom_css_main_element=&#8221;display: flex;||flex-direction: column;||justify-content: center;&#8221; da_disable_devices=&#8221;off|off|off&#8221; collapsed=&#8221;on&#8221; global_colors_info=&#8221;{}&#8221; da_is_popup=&#8221;off&#8221; da_exit_intent=&#8221;off&#8221; da_has_close=&#8221;on&#8221; da_alt_close=&#8221;off&#8221; da_dark_close=&#8221;off&#8221; da_not_modal=&#8221;on&#8221; da_is_singular=&#8221;off&#8221; da_with_loader=&#8221;off&#8221; da_has_shadow=&#8221;on&#8221;][et_pb_row use_custom_gutter=&#8221;on&#8221; _builder_version=&#8221;4.19.4&#8243; _module_preset=&#8221;default&#8221; width=&#8221;90%&#8221; max_width=&#8221;2560px&#8221; custom_padding=&#8221;||0px|||&#8221; global_colors_info=&#8221;{}&#8221;][et_pb_column type=&#8221;4_4&#8243; _builder_version=&#8221;4.19.4&#8243; _module_preset=&#8221;default&#8221; custom_padding=&#8221;||||false|false&#8221; global_colors_info=&#8221;{}&#8221;][et_pb_text _builder_version=&#8221;4.19.4&#8243; _module_preset=&#8221;default&#8221; text_font=&#8221;Montserrat|700|||||||&#8221; text_text_color=&#8221;#333333&#8243; text_font_size=&#8221;40px&#8221; text_line_height=&#8221;1.2em&#8221; background_color=&#8221;RGBA(255,255,255,0)&#8221; z_index=&#8221;150&#8243; custom_margin=&#8221;||||false|false&#8221; global_colors_info=&#8221;{}&#8221;]<\/p>\n<p>Nuestra visi\u00f3n.<br \/>Nuestro compromiso.<\/p>\n<p>[\/et_pb_text][et_pb_text _builder_version=&#8221;4.19.4&#8243; _module_preset=&#8221;default&#8221; text_font=&#8221;Playfair Display||on||||||&#8221; text_text_color=&#8221;#f1f1df&#8221; text_font_size=&#8221;45px&#8221; text_line_height=&#8221;1.1em&#8221; background_color=&#8221;RGBA(255,255,255,0)&#8221; custom_margin=&#8221;||-6px|||&#8221; global_colors_info=&#8221;{}&#8221;]<\/p>\n<p>Futuro<\/p>\n<p>[\/et_pb_text][\/et_pb_column][\/et_pb_row][et_pb_row column_structure=&#8221;1_2,1_2&#8243; use_custom_gutter=&#8221;on&#8221; make_equal=&#8221;on&#8221; _builder_version=&#8221;4.19.4&#8243; _module_preset=&#8221;default&#8221; width=&#8221;90%&#8221; max_width=&#8221;2560px&#8221; custom_margin=&#8221;25px||||false|false&#8221; global_colors_info=&#8221;{}&#8221;][et_pb_column type=&#8221;1_2&#8243; _builder_version=&#8221;4.19.4&#8243; _module_preset=&#8221;default&#8221; custom_padding=&#8221;||||false|false&#8221; custom_css_main_element=&#8221;align-self: center;&#8221; global_colors_info=&#8221;{}&#8221;][et_pb_image src=&#8221;https:\/\/sky-bubbles.com\/wp-content\/uploads\/2023\/03\/innovacion.png&#8221; title_text=&#8221;innovacion&#8221; force_fullwidth=&#8221;on&#8221; _builder_version=&#8221;4.27.0&#8243; _module_preset=&#8221;default&#8221; custom_margin=&#8221;||||false|false&#8221; global_colors_info=&#8221;{}&#8221;][\/et_pb_image][et_pb_text _builder_version=&#8221;4.19.4&#8243; _module_preset=&#8221;default&#8221; text_font=&#8221;Montserrat|700|||||||&#8221; text_text_color=&#8221;#333333&#8243; text_font_size=&#8221;35px&#8221; background_color=&#8221;RGBA(255,255,255,0)&#8221; custom_margin=&#8221;||||false|false&#8221; global_colors_info=&#8221;{}&#8221;]<\/p>\n<p>Innovaci\u00f3n.<\/p>\n<p>[\/et_pb_text][et_pb_text _builder_version=&#8221;4.19.4&#8243; _module_preset=&#8221;default&#8221; text_font=&#8221;Barlow|500|||||||&#8221; text_text_color=&#8221;#333333&#8243; text_line_height=&#8221;1.2em&#8221; background_color=&#8221;RGBA(255,255,255,0)&#8221; custom_margin=&#8221;||||false|false&#8221; custom_padding=&#8221;25px||||false|false&#8221; global_colors_info=&#8221;{}&#8221;]<\/p>\n<p>Para nosotros la innovaci\u00f3n es una actitud que reside en la creatividad, en buscar siempre la forma m\u00e1s eficiente y efectiva de mejorar aquello que hacemos y creamos. Desde el dise\u00f1o al montaje, desde la estructura hasta la decoraci\u00f3n. La innovaci\u00f3n nos define, est\u00e1 en nuestro ADN y en nuestra manera de entender este mundo y lo seguir\u00e1 siendo siempre.<\/p>\n<p>[\/et_pb_text][\/et_pb_column][et_pb_column type=&#8221;1_2&#8243; _builder_version=&#8221;4.19.4&#8243; _module_preset=&#8221;default&#8221; global_colors_info=&#8221;{}&#8221;][et_pb_divider show_divider=&#8221;off&#8221; _builder_version=&#8221;4.19.4&#8243; _module_preset=&#8221;default&#8221; global_colors_info=&#8221;{}&#8221;][\/et_pb_divider][\/et_pb_column][\/et_pb_row][\/et_pb_section][et_pb_section fb_built=&#8221;1&#8243; disabled_on=&#8221;off|on|on&#8221; admin_label=&#8221;SM2&#8243; _builder_version=&#8221;4.19.4&#8243; _module_preset=&#8221;default&#8221; background_color=&#8221;#afa59a&#8221; background_enable_image=&#8221;off&#8221; positioning=&#8221;none&#8221; module_alignment=&#8221;center&#8221; overflow-x=&#8221;hidden&#8221; overflow-y=&#8221;hidden&#8221; custom_margin=&#8221;-47px|||||&#8221; custom_css_main_element=&#8221;display: flex;||flex-direction: column;||justify-content: center;&#8221; da_disable_devices=&#8221;off|off|off&#8221; collapsed=&#8221;on&#8221; global_colors_info=&#8221;{}&#8221; da_is_popup=&#8221;off&#8221; da_exit_intent=&#8221;off&#8221; da_has_close=&#8221;on&#8221; da_alt_close=&#8221;off&#8221; da_dark_close=&#8221;off&#8221; da_not_modal=&#8221;on&#8221; da_is_singular=&#8221;off&#8221; da_with_loader=&#8221;off&#8221; da_has_shadow=&#8221;on&#8221;][et_pb_row column_structure=&#8221;1_2,1_2&#8243; use_custom_gutter=&#8221;on&#8221; make_equal=&#8221;on&#8221; _builder_version=&#8221;4.19.4&#8243; _module_preset=&#8221;default&#8221; positioning=&#8221;none&#8221; width=&#8221;90%&#8221; max_width=&#8221;2560px&#8221; global_colors_info=&#8221;{}&#8221;][et_pb_column type=&#8221;1_2&#8243; _builder_version=&#8221;4.19.4&#8243; _module_preset=&#8221;default&#8221; custom_padding=&#8221;||||false|false&#8221; custom_css_main_element=&#8221;align-self: center;&#8221; global_colors_info=&#8221;{}&#8221;][et_pb_image src=&#8221;https:\/\/sky-bubbles.com\/wp-content\/uploads\/2023\/01\/futuro-belleza-sq.png&#8221; title_text=&#8221;futuro-belleza-sq&#8221; align=&#8221;center&#8221; force_fullwidth=&#8221;on&#8221; _builder_version=&#8221;4.19.4&#8243; _module_preset=&#8221;default&#8221; border_radii=&#8221;on|50%|50%|50%|50%&#8221; global_colors_info=&#8221;{}&#8221;][\/et_pb_image][\/et_pb_column][et_pb_column type=&#8221;1_2&#8243; _builder_version=&#8221;4.19.4&#8243; _module_preset=&#8221;default&#8221; custom_css_main_element=&#8221;align-self: center;&#8221; global_colors_info=&#8221;{}&#8221;][et_pb_text _builder_version=&#8221;4.19.4&#8243; _module_preset=&#8221;default&#8221; text_font=&#8221;Montserrat|700|||||||&#8221; text_text_color=&#8221;#333333&#8243; text_font_size=&#8221;35px&#8221; background_color=&#8221;RGBA(255,255,255,0)&#8221; custom_margin=&#8221;||6px||false|false&#8221; global_colors_info=&#8221;{}&#8221;]<\/p>\n<p>Belleza.<\/p>\n<p>[\/et_pb_text][et_pb_text _builder_version=&#8221;4.19.4&#8243; _module_preset=&#8221;default&#8221; text_font=&#8221;Barlow|500|||||||&#8221; text_text_color=&#8221;#333333&#8243; text_line_height=&#8221;1.2em&#8221; background_color=&#8221;RGBA(255,255,255,0)&#8221; custom_margin=&#8221;||||false|false&#8221; custom_padding=&#8221;25px||||false|false&#8221; global_colors_info=&#8221;{}&#8221;]<\/p>\n<p>La musa que perseguimos y perseguiremos de forma incansable, la cualidad que da sentido a todo lo que dise\u00f1amos y creamos, nos adaptaremos a los tiempos, abrazaremos nuevas tecnolog\u00edas y acogeremos nuevos conceptos, pero para ello nunca renunciaremos a la belleza para hacer aquello que hacemos.<\/p>\n<p>[\/et_pb_text][\/et_pb_column][\/et_pb_row][\/et_pb_section][et_pb_section fb_built=&#8221;1&#8243; disabled_on=&#8221;off|on|on&#8221; admin_label=&#8221;SM3&#8243; _builder_version=&#8221;4.19.4&#8243; _module_preset=&#8221;default&#8221; background_color=&#8221;#333333&#8243; background_enable_image=&#8221;off&#8221; positioning=&#8221;none&#8221; module_alignment=&#8221;center&#8221; overflow-x=&#8221;hidden&#8221; overflow-y=&#8221;hidden&#8221; custom_margin=&#8221;-47px|||||&#8221; custom_css_main_element=&#8221;display: flex;||flex-direction: column;||justify-content: center;&#8221; da_disable_devices=&#8221;off|off|off&#8221; collapsed=&#8221;on&#8221; global_colors_info=&#8221;{}&#8221; da_is_popup=&#8221;off&#8221; da_exit_intent=&#8221;off&#8221; da_has_close=&#8221;on&#8221; da_alt_close=&#8221;off&#8221; da_dark_close=&#8221;off&#8221; da_not_modal=&#8221;on&#8221; da_is_singular=&#8221;off&#8221; da_with_loader=&#8221;off&#8221; da_has_shadow=&#8221;on&#8221;][et_pb_row column_structure=&#8221;1_2,1_2&#8243; use_custom_gutter=&#8221;on&#8221; make_equal=&#8221;on&#8221; _builder_version=&#8221;4.19.4&#8243; _module_preset=&#8221;default&#8221; width=&#8221;90%&#8221; max_width=&#8221;2560px&#8221; global_colors_info=&#8221;{}&#8221;][et_pb_column type=&#8221;1_2&#8243; _builder_version=&#8221;4.19.4&#8243; _module_preset=&#8221;default&#8221; custom_padding=&#8221;||||false|false&#8221; custom_css_main_element=&#8221;align-self: center;&#8221; global_colors_info=&#8221;{}&#8221;][et_pb_image src=&#8221;https:\/\/sky-bubbles.com\/wp-content\/uploads\/2023\/01\/futuro-confort-sq.png&#8221; title_text=&#8221;futuro-confort-sq&#8221; align=&#8221;center&#8221; force_fullwidth=&#8221;on&#8221; _builder_version=&#8221;4.19.4&#8243; _module_preset=&#8221;default&#8221; position_origin_r=&#8221;bottom_left&#8221; z_index=&#8221;50&#8243; border_radii=&#8221;on|50%|50%|50%|50%&#8221; global_colors_info=&#8221;{}&#8221;][\/et_pb_image][et_pb_text _builder_version=&#8221;4.19.4&#8243; _module_preset=&#8221;default&#8221; text_font=&#8221;Montserrat|700|||||||&#8221; text_text_color=&#8221;#f1f1df&#8221; text_font_size=&#8221;35px&#8221; background_color=&#8221;RGBA(255,255,255,0)&#8221; custom_margin=&#8221;||6px||false|false&#8221; global_colors_info=&#8221;{}&#8221;]<\/p>\n<p>Confort.<\/p>\n<p>[\/et_pb_text][et_pb_text _builder_version=&#8221;4.19.4&#8243; _module_preset=&#8221;default&#8221; text_font=&#8221;Barlow|500|||||||&#8221; text_text_color=&#8221;#f1f1df&#8221; text_line_height=&#8221;1.2em&#8221; background_color=&#8221;RGBA(255,255,255,0)&#8221; custom_margin=&#8221;||||false|false&#8221; custom_padding=&#8221;19px|||||&#8221; global_colors_info=&#8221;{}&#8221;]<\/p>\n<p>Entendemos el confort como una consecuencia: dise\u00f1ar y crear estancias innovadoras y bellas implica que sean confortables, sino no son ni innovadoras ni bellas. Las expectativas que se depositan en nuestras SKB van \u00edntimamente ligadas al confort; no solo lo sabemos, sino que trabajamos cada d\u00eda para superarlas.<\/p>\n<p>[\/et_pb_text][\/et_pb_column][et_pb_column type=&#8221;1_2&#8243; _builder_version=&#8221;4.19.4&#8243; _module_preset=&#8221;default&#8221; global_colors_info=&#8221;{}&#8221;][\/et_pb_column][\/et_pb_row][\/et_pb_section]<\/p>\n","protected":false},"excerpt":{"rendered":"<p>Nuestra visi\u00f3n. Nuestro compromiso.FuturoInnovaci\u00f3n.Para nosotros la innovaci\u00f3n es una actitud que reside en la creatividad, en buscar siempre la forma m\u00e1s eficiente y efectiva de mejorar aquello que hacemos y creamos. Desde el dise\u00f1o al montaje, desde la estructura hasta la decoraci\u00f3n. La innovaci\u00f3n nos define, est\u00e1 en nuestro ADN y en nuestra manera de [&hellip;]<\/p>\n","protected":false},"author":1,"featured_media":0,"parent":0,"menu_order":0,"comment_status":"closed","ping_status":"closed","template":"","meta":{"_et_pb_use_builder":"on","_et_pb_old_content":"","_et_gb_content_width":"","_monsterinsights_skip_tracking":false,"_monsterinsights_sitenote_active":false,"_monsterinsights_sitenote_note":"","_monsterinsights_sitenote_category":0,"footnotes":""},"class_list":["post-230723","page","type-page","status-publish","hentry"],"aioseo_notices":[],"_links":{"self":[{"href":"https:\/\/sky-bubbles.com\/es\/wp-json\/wp\/v2\/pages\/230723","targetHints":{"allow":["GET"]}}],"collection":[{"href":"https:\/\/sky-bubbles.com\/es\/wp-json\/wp\/v2\/pages"}],"about":[{"href":"https:\/\/sky-bubbles.com\/es\/wp-json\/wp\/v2\/types\/page"}],"author":[{"embeddable":true,"href":"https:\/\/sky-bubbles.com\/es\/wp-json\/wp\/v2\/users\/1"}],"replies":[{"embeddable":true,"href":"https:\/\/sky-bubbles.com\/es\/wp-json\/wp\/v2\/comments?post=230723"}],"version-history":[{"count":6,"href":"https:\/\/sky-bubbles.com\/es\/wp-json\/wp\/v2\/pages\/230723\/revisions"}],"predecessor-version":[{"id":252614,"href":"https:\/\/sky-bubbles.com\/es\/wp-json\/wp\/v2\/pages\/230723\/revisions\/252614"}],"wp:attachment":[{"href":"https:\/\/sky-bubbles.com\/es\/wp-json\/wp\/v2\/media?parent=230723"}],"curies":[{"name":"wp","href":"https:\/\/api.w.org\/{rel}","templated":true}]}}